{"id":19976,"date":"2025-07-11T15:32:53","date_gmt":"2025-07-11T15:32:53","guid":{"rendered":"https:\/\/relancedesign.com\/?post_type=product&#038;p=19976"},"modified":"2025-07-12T12:13:41","modified_gmt":"2025-07-12T12:13:41","slug":"relance-2-0-vintage-wash-cap","status":"publish","type":"product","link":"https:\/\/relancedesign.com\/en\/product\/relance-2-0-vintage-wash-cap","title":{"rendered":"Relance^ 2.0 vintage wash cap"},"content":{"rendered":"<p style=\"text-align: left;\"><span data-sheets-root=\"1\">Ajustable cap<br \/>\n100% cotton<br \/>\nMade in China<\/span><\/p>","protected":false},"excerpt":{"rendered":"<p><span data-sheets-root=\"1\">Ajustable cap<br \/>\n100% cotton<br \/>\nMade in China<\/span><\/p>","protected":false},"featured_media":19979,"template":"","meta":[],"product_brand":[],"product_cat":[33,111,15],"product_tag":[],"class_list":{"0":"post-19976","1":"product","2":"type-product","3":"status-publish","4":"has-post-thumbnail","6":"product_cat-accessories","7":"product_cat-nouvelle-collection","8":"product_cat-uncategorized","10":"first","11":"instock","12":"shipping-taxable","13":"purchasable","14":"product-type-simple"},"jetpack-related-posts":[{"id":4410,"url":"https:\/\/relancedesign.com\/en\/product\/hoodie-86-noir-copie","url_meta":{"origin":19976,"position":0},"title":"Hoodie 86 &#8211; Relance^","author":"D29_457788","date":"December 30, 2021","format":false,"excerpt":"100% cotton. A86 logo in Middle & \u00ab rce^ \u00bb logo on the back. Made in France","rel":"","context":"Similar post","block_context":{"text":"Similar post","link":""},"img":{"alt_text":"","src":"https:\/\/i0.wp.com\/relancedesign.com\/wp-content\/uploads\/2021\/12\/relance-hoodie-noir-86.png?fit=600%2C795&ssl=1&resize=350%2C200","width":350,"height":200,"srcset":"https:\/\/i0.wp.com\/relancedesign.com\/wp-content\/uploads\/2021\/12\/relance-hoodie-noir-86.png?fit=600%2C795&ssl=1&resize=350%2C200 1x, https:\/\/i0.wp.com\/relancedesign.com\/wp-content\/uploads\/2021\/12\/relance-hoodie-noir-86.png?fit=600%2C795&ssl=1&resize=525%2C300 1.5x"},"classes":[]},{"id":21284,"url":"https:\/\/relancedesign.com\/en\/product\/veste-en-denim-selvedge","url_meta":{"origin":19976,"position":1},"title":"Veste en denim selvedge","author":"James","date":"September 5, 2025","format":false,"excerpt":"Veste en denim selvedge Coupe Boxy et Oversize Logo signature brod\u00e9 Patch en cuir Boucle de martingale ajustable \u00e0 l'arri\u00e8re 100% Coton Toile de Jean 13,5 oz Made in China","rel":"","context":"Similar post","block_context":{"text":"Similar post","link":""},"img":{"alt_text":"","src":"https:\/\/i0.wp.com\/relancedesign.com\/wp-content\/uploads\/2025\/09\/4F9D05D8-0AB8-4FFC-A919-77C59C91A130.jpeg?fit=800%2C1200&ssl=1&resize=350%2C200","width":350,"height":200,"srcset":"https:\/\/i0.wp.com\/relancedesign.com\/wp-content\/uploads\/2025\/09\/4F9D05D8-0AB8-4FFC-A919-77C59C91A130.jpeg?fit=800%2C1200&ssl=1&resize=350%2C200 1x, https:\/\/i0.wp.com\/relancedesign.com\/wp-content\/uploads\/2025\/09\/4F9D05D8-0AB8-4FFC-A919-77C59C91A130.jpeg?fit=800%2C1200&ssl=1&resize=525%2C300 1.5x, https:\/\/i0.wp.com\/relancedesign.com\/wp-content\/uploads\/2025\/09\/4F9D05D8-0AB8-4FFC-A919-77C59C91A130.jpeg?fit=800%2C1200&ssl=1&resize=700%2C400 2x"},"classes":[]},{"id":10004,"url":"https:\/\/relancedesign.com\/en\/product\/t-shirt-relance-rorschach","url_meta":{"origin":19976,"position":2},"title":"T-shirt Relance^ Rorschach","author":"James","date":"December 12, 2023","format":false,"excerpt":"T-shirt Relance^ Rorschach Logo Relance^ avec imprim\u00e9 Rorschach et logo \u00ab pont \u00bb au dos Coupe droite 100% coton Made in China Le mod\u00e8le mesure 1m85 et porte une taille Large \u00a0","rel":"","context":"Similar post","block_context":{"text":"Similar post","link":""},"img":{"alt_text":"","src":"https:\/\/i0.wp.com\/relancedesign.com\/wp-content\/uploads\/2023\/12\/N0A1035.jpg?fit=800%2C1200&ssl=1&resize=350%2C200","width":350,"height":200,"srcset":"https:\/\/i0.wp.com\/relancedesign.com\/wp-content\/uploads\/2023\/12\/N0A1035.jpg?fit=800%2C1200&ssl=1&resize=350%2C200 1x, https:\/\/i0.wp.com\/relancedesign.com\/wp-content\/uploads\/2023\/12\/N0A1035.jpg?fit=800%2C1200&ssl=1&resize=525%2C300 1.5x, https:\/\/i0.wp.com\/relancedesign.com\/wp-content\/uploads\/2023\/12\/N0A1035.jpg?fit=800%2C1200&ssl=1&resize=700%2C400 2x"},"classes":[]},{"id":21713,"url":"https:\/\/relancedesign.com\/en\/product\/tote-bag-pvc-noir","url_meta":{"origin":19976,"position":3},"title":"Tote Bag PVC Noir","author":"James","date":"November 2, 2025","format":false,"excerpt":"100% PVC Made In China","rel":"","context":"Similar post","block_context":{"text":"Similar post","link":""},"img":{"alt_text":"","src":"https:\/\/i0.wp.com\/relancedesign.com\/wp-content\/uploads\/2025\/10\/73909439-bf0f-43f9-8f77-2e398efe829a.JPG.png?fit=816%2C864&ssl=1&resize=350%2C200","width":350,"height":200,"srcset":"https:\/\/i0.wp.com\/relancedesign.com\/wp-content\/uploads\/2025\/10\/73909439-bf0f-43f9-8f77-2e398efe829a.JPG.png?fit=816%2C864&ssl=1&resize=350%2C200 1x, https:\/\/i0.wp.com\/relancedesign.com\/wp-content\/uploads\/2025\/10\/73909439-bf0f-43f9-8f77-2e398efe829a.JPG.png?fit=816%2C864&ssl=1&resize=525%2C300 1.5x, https:\/\/i0.wp.com\/relancedesign.com\/wp-content\/uploads\/2025\/10\/73909439-bf0f-43f9-8f77-2e398efe829a.JPG.png?fit=816%2C864&ssl=1&resize=700%2C400 2x"},"classes":[]},{"id":20920,"url":"https:\/\/relancedesign.com\/en\/product\/tote-bag-pvc-bleu","url_meta":{"origin":19976,"position":4},"title":"Tote Bag PVC Bleu","author":"James","date":"August 4, 2025","format":false,"excerpt":"100% PVC Made In China","rel":"","context":"Similar post","block_context":{"text":"Similar post","link":""},"img":{"alt_text":"","src":"https:\/\/i0.wp.com\/relancedesign.com\/wp-content\/uploads\/2025\/08\/0D654F54-071D-4E0B-9A66-4EA906630726.png?fit=800%2C800&ssl=1&resize=350%2C200","width":350,"height":200,"srcset":"https:\/\/i0.wp.com\/relancedesign.com\/wp-content\/uploads\/2025\/08\/0D654F54-071D-4E0B-9A66-4EA906630726.png?fit=800%2C800&ssl=1&resize=350%2C200 1x, https:\/\/i0.wp.com\/relancedesign.com\/wp-content\/uploads\/2025\/08\/0D654F54-071D-4E0B-9A66-4EA906630726.png?fit=800%2C800&ssl=1&resize=525%2C300 1.5x, https:\/\/i0.wp.com\/relancedesign.com\/wp-content\/uploads\/2025\/08\/0D654F54-071D-4E0B-9A66-4EA906630726.png?fit=800%2C800&ssl=1&resize=700%2C400 2x"},"classes":[]},{"id":21708,"url":"https:\/\/relancedesign.com\/en\/product\/tote-bag-pvc-vert","url_meta":{"origin":19976,"position":5},"title":"Tote Bag PVC Vert","author":"James","date":"November 2, 2025","format":false,"excerpt":"100% PVC Made In China","rel":"","context":"Similar post","block_context":{"text":"Similar post","link":""},"img":{"alt_text":"","src":"https:\/\/i0.wp.com\/relancedesign.com\/wp-content\/uploads\/2025\/10\/59bcfda4-feb7-4e14-9e00-6cc23be355f6.JPG.png?fit=807%2C864&ssl=1&resize=350%2C200","width":350,"height":200,"srcset":"https:\/\/i0.wp.com\/relancedesign.com\/wp-content\/uploads\/2025\/10\/59bcfda4-feb7-4e14-9e00-6cc23be355f6.JPG.png?fit=807%2C864&ssl=1&resize=350%2C200 1x, https:\/\/i0.wp.com\/relancedesign.com\/wp-content\/uploads\/2025\/10\/59bcfda4-feb7-4e14-9e00-6cc23be355f6.JPG.png?fit=807%2C864&ssl=1&resize=525%2C300 1.5x, https:\/\/i0.wp.com\/relancedesign.com\/wp-content\/uploads\/2025\/10\/59bcfda4-feb7-4e14-9e00-6cc23be355f6.JPG.png?fit=807%2C864&ssl=1&resize=700%2C400 2x"},"classes":[]}],"jetpack_sharing_enabled":true,"_links":{"self":[{"href":"https:\/\/relancedesign.com\/en\/wp-json\/wp\/v2\/product\/19976","targetHints":{"allow":["GET"]}}],"collection":[{"href":"https:\/\/relancedesign.com\/en\/wp-json\/wp\/v2\/product"}],"about":[{"href":"https:\/\/relancedesign.com\/en\/wp-json\/wp\/v2\/types\/product"}],"wp:featuredmedia":[{"embeddable":true,"href":"https:\/\/relancedesign.com\/en\/wp-json\/wp\/v2\/media\/19979"}],"wp:attachment":[{"href":"https:\/\/relancedesign.com\/en\/wp-json\/wp\/v2\/media?parent=19976"}],"wp:term":[{"taxonomy":"product_brand","embeddable":true,"href":"https:\/\/relancedesign.com\/en\/wp-json\/wp\/v2\/product_brand?post=19976"},{"taxonomy":"product_cat","embeddable":true,"href":"https:\/\/relancedesign.com\/en\/wp-json\/wp\/v2\/product_cat?post=19976"},{"taxonomy":"product_tag","embeddable":true,"href":"https:\/\/relancedesign.com\/en\/wp-json\/wp\/v2\/product_tag?post=19976"}],"curies":[{"name":"wp","href":"https:\/\/api.w.org\/{rel}","templated":true}]}}