{"id":21284,"date":"2025-09-05T17:06:13","date_gmt":"2025-09-05T15:06:13","guid":{"rendered":"https:\/\/relancedesign.com\/?post_type=product&#038;p=21284"},"modified":"2025-12-23T11:38:54","modified_gmt":"2025-12-23T09:38:54","slug":"veste-en-denim-selvedge","status":"publish","type":"product","link":"https:\/\/relancedesign.com\/en\/product\/veste-en-denim-selvedge","title":{"rendered":"Veste en denim selvedge"},"content":{"rendered":"<p><span data-sheets-root=\"1\">Veste en denim selvedge<br \/>\nCoupe Boxy et Oversize<br \/>\nLogo signature brod\u00e9<br \/>\nPatch en cuir<br \/>\nBoucle de martingale ajustable \u00e0 l&rsquo;arri\u00e8re<br \/>\n100% Cotton<br \/>\nToile de Jean 13,5 oz<br \/>\nMade in China <\/span><\/p>","protected":false},"excerpt":{"rendered":"<p>Veste en denim selvedge Coupe Boxy et Oversize Logo signature brod\u00e9 Patch en cuir Boucle de martingale ajustable \u00e0 l&rsquo;arri\u00e8re 100% Coton Toile de Jean 13,5 oz Made in China<\/p>","protected":false},"featured_media":21333,"template":"","meta":[],"product_brand":[],"product_cat":[109,111,15],"product_tag":[93],"class_list":{"0":"post-21284","1":"product","2":"type-product","3":"status-publish","4":"has-post-thumbnail","6":"product_cat-hauts","7":"product_cat-nouvelle-collection","8":"product_cat-uncategorized","9":"product_tag-fresh","11":"first","12":"instock","13":"shipping-taxable","14":"purchasable","15":"product-type-variable"},"jetpack-related-posts":[{"id":21334,"url":"https:\/\/relancedesign.com\/en\/product\/jeans-en-denim-selvedge","url_meta":{"origin":21284,"position":0},"title":"Jeans en denim selvedge","author":"James","date":"September 5, 2025","format":false,"excerpt":"Jeans en denim selvedge Coupe droite Pour effet baggy aller une taille au dessus Logo signature brod\u00e9 sur la poche arri\u00e8re Logo signature brod\u00e9 sur la jambe gauche Patch en cuir 100% coton Toile de Jean 13.5 oz Made in China","rel":"","context":"Similar post","block_context":{"text":"Similar post","link":""},"img":{"alt_text":"","src":"https:\/\/i0.wp.com\/relancedesign.com\/wp-content\/uploads\/2025\/09\/IMG_7380.jpeg?fit=841%2C1200&ssl=1&resize=350%2C200","width":350,"height":200,"srcset":"https:\/\/i0.wp.com\/relancedesign.com\/wp-content\/uploads\/2025\/09\/IMG_7380.jpeg?fit=841%2C1200&ssl=1&resize=350%2C200 1x, https:\/\/i0.wp.com\/relancedesign.com\/wp-content\/uploads\/2025\/09\/IMG_7380.jpeg?fit=841%2C1200&ssl=1&resize=525%2C300 1.5x, https:\/\/i0.wp.com\/relancedesign.com\/wp-content\/uploads\/2025\/09\/IMG_7380.jpeg?fit=841%2C1200&ssl=1&resize=700%2C400 2x"},"classes":[]},{"id":21303,"url":"https:\/\/relancedesign.com\/en\/product\/jeans-en-denim-selvedge-rce","url_meta":{"origin":21284,"position":1},"title":"Jeans en denim selvedge RCE^","author":"James","date":"September 5, 2025","format":false,"excerpt":"Jeans en denim selvedge Coupe droite Pour effet baggy aller une taille au dessus Logo RCE^ Imprim\u00e9 sur le devant Logo signature brod\u00e9 sur la poche arri\u00e8re Logo signature brod\u00e9 sur la jambe gauche Patch en cuir 100% coton Toile de Jean 13.5 oz Made in China","rel":"","context":"Similar post","block_context":{"text":"Similar post","link":""},"img":{"alt_text":"","src":"https:\/\/i0.wp.com\/relancedesign.com\/wp-content\/uploads\/2025\/09\/IMG_7354.jpg?fit=800%2C1200&ssl=1&resize=350%2C200","width":350,"height":200,"srcset":"https:\/\/i0.wp.com\/relancedesign.com\/wp-content\/uploads\/2025\/09\/IMG_7354.jpg?fit=800%2C1200&ssl=1&resize=350%2C200 1x, https:\/\/i0.wp.com\/relancedesign.com\/wp-content\/uploads\/2025\/09\/IMG_7354.jpg?fit=800%2C1200&ssl=1&resize=525%2C300 1.5x, https:\/\/i0.wp.com\/relancedesign.com\/wp-content\/uploads\/2025\/09\/IMG_7354.jpg?fit=800%2C1200&ssl=1&resize=700%2C400 2x"},"classes":[]},{"id":4119,"url":"https:\/\/relancedesign.com\/en\/product\/sleeveless-vest","url_meta":{"origin":21284,"position":2},"title":"Sleeveless Vest &#8211; Relance^","author":"D29_457788","date":"January 1, 2022","format":false,"excerpt":"Sleeveless Vest - Tout droit inspir\u00e9 de l\u2019animation japonaise, la veste sans manche avec poche oversize est le must have de cette collection. Coupe regular courte avec zipper signature \u00ab\u00a0A86\u00a0\u00bb. Le mod\u00e8le porte une taille L. Produit import\u00e9","rel":"","context":"Similar post","block_context":{"text":"Similar post","link":""},"img":{"alt_text":"","src":"https:\/\/i0.wp.com\/relancedesign.com\/wp-content\/uploads\/2021\/12\/Sleeveless-Vest-1.jpg?fit=600%2C795&ssl=1&resize=350%2C200","width":350,"height":200,"srcset":"https:\/\/i0.wp.com\/relancedesign.com\/wp-content\/uploads\/2021\/12\/Sleeveless-Vest-1.jpg?fit=600%2C795&ssl=1&resize=350%2C200 1x, https:\/\/i0.wp.com\/relancedesign.com\/wp-content\/uploads\/2021\/12\/Sleeveless-Vest-1.jpg?fit=600%2C795&ssl=1&resize=525%2C300 1.5x"},"classes":[]},{"id":21352,"url":"https:\/\/relancedesign.com\/en\/product\/veste-rorshach-camo-grey-black","url_meta":{"origin":21284,"position":3},"title":"Veste Rorshach camo grey\/black","author":"James","date":"December 4, 2025","format":false,"excerpt":"Veste Rorshach camouflage 100% jacquard tress\u00e9 Coupe Boxy droite Zipper Logo 100% jacquard Made in China","rel":"","context":"Similar post","block_context":{"text":"Similar post","link":""},"img":{"alt_text":"","src":"https:\/\/i0.wp.com\/relancedesign.com\/wp-content\/uploads\/2025\/09\/2943EF49-2C91-4217-908F-D8CAE0F076C8.jpeg?fit=800%2C1200&ssl=1&resize=350%2C200","width":350,"height":200,"srcset":"https:\/\/i0.wp.com\/relancedesign.com\/wp-content\/uploads\/2025\/09\/2943EF49-2C91-4217-908F-D8CAE0F076C8.jpeg?fit=800%2C1200&ssl=1&resize=350%2C200 1x, https:\/\/i0.wp.com\/relancedesign.com\/wp-content\/uploads\/2025\/09\/2943EF49-2C91-4217-908F-D8CAE0F076C8.jpeg?fit=800%2C1200&ssl=1&resize=525%2C300 1.5x, https:\/\/i0.wp.com\/relancedesign.com\/wp-content\/uploads\/2025\/09\/2943EF49-2C91-4217-908F-D8CAE0F076C8.jpeg?fit=800%2C1200&ssl=1&resize=700%2C400 2x"},"classes":[]},{"id":9987,"url":"https:\/\/relancedesign.com\/en\/product\/veste-jacquard-rorschach-camo","url_meta":{"origin":21284,"position":4},"title":"Veste Jacquard Rorschach Camo","author":"James","date":"December 12, 2023","format":false,"excerpt":"Veste inspiration Workwear avec zipper et poches Camouflage signature \u00ab Rorschach \u00bb Coupe droite 100% Jacquard tress\u00e9s Le mod\u00e8le mesure 1m85 et porte une taille Large \u00a0","rel":"","context":"Similar post","block_context":{"text":"Similar post","link":""},"img":{"alt_text":"","src":"https:\/\/i0.wp.com\/relancedesign.com\/wp-content\/uploads\/2023\/12\/N0A1052.jpg?fit=800%2C1200&ssl=1&resize=350%2C200","width":350,"height":200,"srcset":"https:\/\/i0.wp.com\/relancedesign.com\/wp-content\/uploads\/2023\/12\/N0A1052.jpg?fit=800%2C1200&ssl=1&resize=350%2C200 1x, https:\/\/i0.wp.com\/relancedesign.com\/wp-content\/uploads\/2023\/12\/N0A1052.jpg?fit=800%2C1200&ssl=1&resize=525%2C300 1.5x, https:\/\/i0.wp.com\/relancedesign.com\/wp-content\/uploads\/2023\/12\/N0A1052.jpg?fit=800%2C1200&ssl=1&resize=700%2C400 2x"},"classes":[]},{"id":4134,"url":"https:\/\/relancedesign.com\/en\/product\/tracksuit-jacket","url_meta":{"origin":21284,"position":5},"title":"Tracksuit jacket &#8211; Relance^","author":"D29_457788","date":"December 5, 2021","format":false,"excerpt":"Veste oversize French Terry avec zip \u00ab A86 \u00bb. La rencontre entre le confort et l'esth\u00e9tisme. Convient \u00e0 toutes les silhouettes Le model porte taille M Made In France","rel":"","context":"Similar post","block_context":{"text":"Similar post","link":""},"img":{"alt_text":"","src":"https:\/\/i0.wp.com\/relancedesign.com\/wp-content\/uploads\/2021\/12\/RELANCE-1.jpg?fit=600%2C795&ssl=1&resize=350%2C200","width":350,"height":200,"srcset":"https:\/\/i0.wp.com\/relancedesign.com\/wp-content\/uploads\/2021\/12\/RELANCE-1.jpg?fit=600%2C795&ssl=1&resize=350%2C200 1x, https:\/\/i0.wp.com\/relancedesign.com\/wp-content\/uploads\/2021\/12\/RELANCE-1.jpg?fit=600%2C795&ssl=1&resize=525%2C300 1.5x"},"classes":[]}],"jetpack_sharing_enabled":true,"_links":{"self":[{"href":"https:\/\/relancedesign.com\/en\/wp-json\/wp\/v2\/product\/21284","targetHints":{"allow":["GET"]}}],"collection":[{"href":"https:\/\/relancedesign.com\/en\/wp-json\/wp\/v2\/product"}],"about":[{"href":"https:\/\/relancedesign.com\/en\/wp-json\/wp\/v2\/types\/product"}],"wp:featuredmedia":[{"embeddable":true,"href":"https:\/\/relancedesign.com\/en\/wp-json\/wp\/v2\/media\/21333"}],"wp:attachment":[{"href":"https:\/\/relancedesign.com\/en\/wp-json\/wp\/v2\/media?parent=21284"}],"wp:term":[{"taxonomy":"product_brand","embeddable":true,"href":"https:\/\/relancedesign.com\/en\/wp-json\/wp\/v2\/product_brand?post=21284"},{"taxonomy":"product_cat","embeddable":true,"href":"https:\/\/relancedesign.com\/en\/wp-json\/wp\/v2\/product_cat?post=21284"},{"taxonomy":"product_tag","embeddable":true,"href":"https:\/\/relancedesign.com\/en\/wp-json\/wp\/v2\/product_tag?post=21284"}],"curies":[{"name":"wp","href":"https:\/\/api.w.org\/{rel}","templated":true}]}}