{"id":21334,"date":"2025-09-05T17:05:26","date_gmt":"2025-09-05T15:05:26","guid":{"rendered":"https:\/\/relancedesign.com\/?post_type=product&#038;p=21334"},"modified":"2025-10-23T21:00:05","modified_gmt":"2025-10-23T19:00:05","slug":"jeans-en-denim-selvedge","status":"publish","type":"product","link":"https:\/\/relancedesign.com\/en\/product\/jeans-en-denim-selvedge","title":{"rendered":"Jeans en denim selvedge"},"content":{"rendered":"<p><span data-sheets-root=\"1\">Jeans en denim selvedge<br \/>\nCoupe droite<br \/>\nPour effet baggy aller une taille au dessus<br \/>\nLogo signature brod\u00e9 sur la poche arri\u00e8re<br \/>\nLogo signature brod\u00e9 sur la jambe gauche<br \/>\nPatch en cuir<br \/>\n100% coton<br \/>\nToile de Jean 13.5 oz<br \/>\nMade in China <\/span><\/p>","protected":false},"excerpt":{"rendered":"<p>Jeans en denim selvedge Coupe droite Pour effet baggy aller une taille au dessus Logo signature brod\u00e9 sur la poche arri\u00e8re Logo signature brod\u00e9 sur la jambe gauche Patch en cuir 100% coton Toile de Jean 13.5 oz Made in [&hellip;]<\/p>\n","protected":false},"featured_media":21351,"template":"","meta":[],"product_brand":[],"product_cat":[99,111,15],"product_tag":[93],"class_list":{"0":"post-21334","1":"product","2":"type-product","3":"status-publish","4":"has-post-thumbnail","6":"product_cat-bas","7":"product_cat-nouvelle-collection","8":"product_cat-uncategorized","9":"product_tag-fresh","11":"first","12":"instock","13":"shipping-taxable","14":"purchasable","15":"product-type-variable"},"jetpack-related-posts":[{"id":21303,"url":"https:\/\/relancedesign.com\/en\/product\/jeans-en-denim-selvedge-rce","url_meta":{"origin":21334,"position":0},"title":"Jeans en denim selvedge RCE^","author":"James","date":"September 5, 2025","format":false,"excerpt":"Jeans en denim selvedge Coupe droite Pour effet baggy aller une taille au dessus Logo RCE^ Imprim\u00e9 sur le devant Logo signature brod\u00e9 sur la poche arri\u00e8re Logo signature brod\u00e9 sur la jambe gauche Patch en cuir 100% coton Toile de Jean 13.5 oz Made in China","rel":"","context":"Similar post","block_context":{"text":"Similar post","link":""},"img":{"alt_text":"","src":"https:\/\/i0.wp.com\/relancedesign.com\/wp-content\/uploads\/2025\/09\/IMG_7354.jpg?fit=800%2C1200&ssl=1&resize=350%2C200","width":350,"height":200,"srcset":"https:\/\/i0.wp.com\/relancedesign.com\/wp-content\/uploads\/2025\/09\/IMG_7354.jpg?fit=800%2C1200&ssl=1&resize=350%2C200 1x, https:\/\/i0.wp.com\/relancedesign.com\/wp-content\/uploads\/2025\/09\/IMG_7354.jpg?fit=800%2C1200&ssl=1&resize=525%2C300 1.5x, https:\/\/i0.wp.com\/relancedesign.com\/wp-content\/uploads\/2025\/09\/IMG_7354.jpg?fit=800%2C1200&ssl=1&resize=700%2C400 2x"},"classes":[]},{"id":21284,"url":"https:\/\/relancedesign.com\/en\/product\/veste-en-denim-selvedge","url_meta":{"origin":21334,"position":1},"title":"Veste en denim selvedge","author":"James","date":"September 5, 2025","format":false,"excerpt":"Veste en denim selvedge Coupe Boxy et Oversize Logo signature brod\u00e9 Patch en cuir Boucle de martingale ajustable \u00e0 l'arri\u00e8re 100% Coton Toile de Jean 13,5 oz Made in China","rel":"","context":"Similar post","block_context":{"text":"Similar post","link":""},"img":{"alt_text":"","src":"https:\/\/i0.wp.com\/relancedesign.com\/wp-content\/uploads\/2025\/09\/4F9D05D8-0AB8-4FFC-A919-77C59C91A130.jpeg?fit=800%2C1200&ssl=1&resize=350%2C200","width":350,"height":200,"srcset":"https:\/\/i0.wp.com\/relancedesign.com\/wp-content\/uploads\/2025\/09\/4F9D05D8-0AB8-4FFC-A919-77C59C91A130.jpeg?fit=800%2C1200&ssl=1&resize=350%2C200 1x, https:\/\/i0.wp.com\/relancedesign.com\/wp-content\/uploads\/2025\/09\/4F9D05D8-0AB8-4FFC-A919-77C59C91A130.jpeg?fit=800%2C1200&ssl=1&resize=525%2C300 1.5x, https:\/\/i0.wp.com\/relancedesign.com\/wp-content\/uploads\/2025\/09\/4F9D05D8-0AB8-4FFC-A919-77C59C91A130.jpeg?fit=800%2C1200&ssl=1&resize=700%2C400 2x"},"classes":[]},{"id":10016,"url":"https:\/\/relancedesign.com\/en\/product\/bob-fluffy","url_meta":{"origin":21334,"position":2},"title":"Bob Fluffy","author":"James","date":"December 12, 2023","format":false,"excerpt":"Bob Fluffy Logo \u00ab Pont \u00bb brod\u00e9 Tour de t\u00eate 60cm Fausse fourrure \u00a0 \u00a0","rel":"","context":"Similar post","block_context":{"text":"Similar post","link":""},"img":{"alt_text":"","src":"https:\/\/i0.wp.com\/relancedesign.com\/wp-content\/uploads\/2023\/12\/N0A1028.jpg?fit=800%2C1200&ssl=1&resize=350%2C200","width":350,"height":200,"srcset":"https:\/\/i0.wp.com\/relancedesign.com\/wp-content\/uploads\/2023\/12\/N0A1028.jpg?fit=800%2C1200&ssl=1&resize=350%2C200 1x, https:\/\/i0.wp.com\/relancedesign.com\/wp-content\/uploads\/2023\/12\/N0A1028.jpg?fit=800%2C1200&ssl=1&resize=525%2C300 1.5x, https:\/\/i0.wp.com\/relancedesign.com\/wp-content\/uploads\/2023\/12\/N0A1028.jpg?fit=800%2C1200&ssl=1&resize=700%2C400 2x"},"classes":[]},{"id":9998,"url":"https:\/\/relancedesign.com\/en\/product\/jersey-rorschach-camo","url_meta":{"origin":21334,"position":3},"title":"Jersey Rorschach Camo","author":"James","date":"December 12, 2023","format":false,"excerpt":"Polo avec logo signature \u00ab RCE \u00bb Signature \u00ab Rorschach \u00bb Camouflage Coupe oversize et boxy Le mod\u00e8le mesure 1m85 et porte une taille M Prendre une taille en dessous de votre taille habituelle 98% coton 2% \u00e9lasthanne Made in China \u00a0","rel":"","context":"Similar post","block_context":{"text":"Similar post","link":""},"img":{"alt_text":"","src":"https:\/\/i0.wp.com\/relancedesign.com\/wp-content\/uploads\/2023\/12\/N0A1006.jpg?fit=800%2C1200&ssl=1&resize=350%2C200","width":350,"height":200,"srcset":"https:\/\/i0.wp.com\/relancedesign.com\/wp-content\/uploads\/2023\/12\/N0A1006.jpg?fit=800%2C1200&ssl=1&resize=350%2C200 1x, https:\/\/i0.wp.com\/relancedesign.com\/wp-content\/uploads\/2023\/12\/N0A1006.jpg?fit=800%2C1200&ssl=1&resize=525%2C300 1.5x, https:\/\/i0.wp.com\/relancedesign.com\/wp-content\/uploads\/2023\/12\/N0A1006.jpg?fit=800%2C1200&ssl=1&resize=700%2C400 2x"},"classes":[]},{"id":4410,"url":"https:\/\/relancedesign.com\/en\/product\/hoodie-86-noir-copie","url_meta":{"origin":21334,"position":4},"title":"Hoodie 86 &#8211; Relance^","author":"D29_457788","date":"December 30, 2021","format":false,"excerpt":"100% cotton. A86 logo in Middle & \u00ab rce^ \u00bb logo on the back. Made in France","rel":"","context":"Similar post","block_context":{"text":"Similar post","link":""},"img":{"alt_text":"","src":"https:\/\/i0.wp.com\/relancedesign.com\/wp-content\/uploads\/2021\/12\/relance-hoodie-noir-86.png?fit=600%2C795&ssl=1&resize=350%2C200","width":350,"height":200,"srcset":"https:\/\/i0.wp.com\/relancedesign.com\/wp-content\/uploads\/2021\/12\/relance-hoodie-noir-86.png?fit=600%2C795&ssl=1&resize=350%2C200 1x, https:\/\/i0.wp.com\/relancedesign.com\/wp-content\/uploads\/2021\/12\/relance-hoodie-noir-86.png?fit=600%2C795&ssl=1&resize=525%2C300 1.5x"},"classes":[]},{"id":4355,"url":"https:\/\/relancedesign.com\/en\/product\/classic-logo-hoodie-noir","url_meta":{"origin":21334,"position":5},"title":"Classic logo hoodie noir &#8211; Relance^","author":"D29_457788","date":"December 30, 2021","format":false,"excerpt":"Indispensable de la garde-robe, notre hoodie classique allie confort et qualit\u00e9. Brod\u00e9e \u00e0 l\u2019avant et \u00e0 l\u2019arri\u00e8re. Disponible en vert et noir. Coupe regular 100% coton Made In France","rel":"","context":"Similar post","block_context":{"text":"Similar post","link":""},"img":{"alt_text":"","src":"https:\/\/i0.wp.com\/relancedesign.com\/wp-content\/uploads\/2021\/12\/RELANCE_SHOOT_3-6-e1648390268865.jpg?fit=600%2C794&ssl=1&resize=350%2C200","width":350,"height":200,"srcset":"https:\/\/i0.wp.com\/relancedesign.com\/wp-content\/uploads\/2021\/12\/RELANCE_SHOOT_3-6-e1648390268865.jpg?fit=600%2C794&ssl=1&resize=350%2C200 1x, https:\/\/i0.wp.com\/relancedesign.com\/wp-content\/uploads\/2021\/12\/RELANCE_SHOOT_3-6-e1648390268865.jpg?fit=600%2C794&ssl=1&resize=525%2C300 1.5x"},"classes":[]}],"jetpack_sharing_enabled":true,"_links":{"self":[{"href":"https:\/\/relancedesign.com\/en\/wp-json\/wp\/v2\/product\/21334","targetHints":{"allow":["GET"]}}],"collection":[{"href":"https:\/\/relancedesign.com\/en\/wp-json\/wp\/v2\/product"}],"about":[{"href":"https:\/\/relancedesign.com\/en\/wp-json\/wp\/v2\/types\/product"}],"wp:featuredmedia":[{"embeddable":true,"href":"https:\/\/relancedesign.com\/en\/wp-json\/wp\/v2\/media\/21351"}],"wp:attachment":[{"href":"https:\/\/relancedesign.com\/en\/wp-json\/wp\/v2\/media?parent=21334"}],"wp:term":[{"taxonomy":"product_brand","embeddable":true,"href":"https:\/\/relancedesign.com\/en\/wp-json\/wp\/v2\/product_brand?post=21334"},{"taxonomy":"product_cat","embeddable":true,"href":"https:\/\/relancedesign.com\/en\/wp-json\/wp\/v2\/product_cat?post=21334"},{"taxonomy":"product_tag","embeddable":true,"href":"https:\/\/relancedesign.com\/en\/wp-json\/wp\/v2\/product_tag?post=21334"}],"curies":[{"name":"wp","href":"https:\/\/api.w.org\/{rel}","templated":true}]}}