{"id":21352,"date":"2025-12-04T18:00:19","date_gmt":"2025-12-04T16:00:19","guid":{"rendered":"https:\/\/relancedesign.com\/?post_type=product&#038;p=21352"},"modified":"2025-12-04T19:08:01","modified_gmt":"2025-12-04T17:08:01","slug":"veste-rorshach-camo-grey-black","status":"publish","type":"product","link":"https:\/\/relancedesign.com\/en\/product\/veste-rorshach-camo-grey-black","title":{"rendered":"Veste Rorshach camo grey\/black"},"content":{"rendered":"<p><span data-sheets-root=\"1\">Veste Rorshach camouflage<br \/>\n100% jacquard tress\u00e9<br \/>\nCoupe Boxy droite<br \/>\nZipper Logo<br \/>\n100% jacquard<br \/>\nMade in China <\/span><\/p>","protected":false},"excerpt":{"rendered":"<p>Veste Rorshach camouflage 100% jacquard tress\u00e9 Coupe Boxy droite Zipper Logo 100% jacquard Made in China<\/p>","protected":false},"featured_media":21363,"template":"","meta":[],"product_brand":[],"product_cat":[109,111,15],"product_tag":[],"class_list":{"0":"post-21352","1":"product","2":"type-product","3":"status-publish","4":"has-post-thumbnail","6":"product_cat-hauts","7":"product_cat-nouvelle-collection","8":"product_cat-uncategorized","10":"first","11":"instock","12":"shipping-taxable","13":"purchasable","14":"product-type-variable"},"jetpack-related-posts":[{"id":9987,"url":"https:\/\/relancedesign.com\/en\/product\/veste-jacquard-rorschach-camo","url_meta":{"origin":21352,"position":0},"title":"Veste Jacquard Rorschach Camo","author":"James","date":"December 12, 2023","format":false,"excerpt":"Veste inspiration Workwear avec zipper et poches Camouflage signature \u00ab Rorschach \u00bb Coupe droite 100% Jacquard tress\u00e9s Le mod\u00e8le mesure 1m85 et porte une taille Large \u00a0","rel":"","context":"Similar post","block_context":{"text":"Similar post","link":""},"img":{"alt_text":"","src":"https:\/\/i0.wp.com\/relancedesign.com\/wp-content\/uploads\/2023\/12\/N0A1052.jpg?fit=800%2C1200&ssl=1&resize=350%2C200","width":350,"height":200,"srcset":"https:\/\/i0.wp.com\/relancedesign.com\/wp-content\/uploads\/2023\/12\/N0A1052.jpg?fit=800%2C1200&ssl=1&resize=350%2C200 1x, https:\/\/i0.wp.com\/relancedesign.com\/wp-content\/uploads\/2023\/12\/N0A1052.jpg?fit=800%2C1200&ssl=1&resize=525%2C300 1.5x, https:\/\/i0.wp.com\/relancedesign.com\/wp-content\/uploads\/2023\/12\/N0A1052.jpg?fit=800%2C1200&ssl=1&resize=700%2C400 2x"},"classes":[]},{"id":9993,"url":"https:\/\/relancedesign.com\/en\/product\/pantalon-jacquard-rorschach-camo","url_meta":{"origin":21352,"position":1},"title":"Pantalon Jacquard Rorschach Camo","author":"James","date":"December 12, 2023","format":false,"excerpt":"Pantalon en jacquard avec zipper invisble sur les cot\u00e9s Camouflage signature \u00ab Rorschach \u00bb Coupe droite 100% Jacquard tress\u00e9s Le mod\u00e8le mesure 1m85 et porte une taille Large \u00a0 \u00a0","rel":"","context":"Similar post","block_context":{"text":"Similar post","link":""},"img":{"alt_text":"","src":"https:\/\/i0.wp.com\/relancedesign.com\/wp-content\/uploads\/2023\/12\/N0A1125.jpg?fit=800%2C1200&ssl=1&resize=350%2C200","width":350,"height":200,"srcset":"https:\/\/i0.wp.com\/relancedesign.com\/wp-content\/uploads\/2023\/12\/N0A1125.jpg?fit=800%2C1200&ssl=1&resize=350%2C200 1x, https:\/\/i0.wp.com\/relancedesign.com\/wp-content\/uploads\/2023\/12\/N0A1125.jpg?fit=800%2C1200&ssl=1&resize=525%2C300 1.5x, https:\/\/i0.wp.com\/relancedesign.com\/wp-content\/uploads\/2023\/12\/N0A1125.jpg?fit=800%2C1200&ssl=1&resize=700%2C400 2x"},"classes":[]},{"id":21284,"url":"https:\/\/relancedesign.com\/en\/product\/veste-en-denim-selvedge","url_meta":{"origin":21352,"position":2},"title":"Veste en denim selvedge","author":"James","date":"September 5, 2025","format":false,"excerpt":"Veste en denim selvedge Coupe Boxy et Oversize Logo signature brod\u00e9 Patch en cuir Boucle de martingale ajustable \u00e0 l'arri\u00e8re 100% Coton Toile de Jean 13,5 oz Made in China","rel":"","context":"Similar post","block_context":{"text":"Similar post","link":""},"img":{"alt_text":"","src":"https:\/\/i0.wp.com\/relancedesign.com\/wp-content\/uploads\/2025\/09\/4F9D05D8-0AB8-4FFC-A919-77C59C91A130.jpeg?fit=800%2C1200&ssl=1&resize=350%2C200","width":350,"height":200,"srcset":"https:\/\/i0.wp.com\/relancedesign.com\/wp-content\/uploads\/2025\/09\/4F9D05D8-0AB8-4FFC-A919-77C59C91A130.jpeg?fit=800%2C1200&ssl=1&resize=350%2C200 1x, https:\/\/i0.wp.com\/relancedesign.com\/wp-content\/uploads\/2025\/09\/4F9D05D8-0AB8-4FFC-A919-77C59C91A130.jpeg?fit=800%2C1200&ssl=1&resize=525%2C300 1.5x, https:\/\/i0.wp.com\/relancedesign.com\/wp-content\/uploads\/2025\/09\/4F9D05D8-0AB8-4FFC-A919-77C59C91A130.jpeg?fit=800%2C1200&ssl=1&resize=700%2C400 2x"},"classes":[]},{"id":9998,"url":"https:\/\/relancedesign.com\/en\/product\/jersey-rorschach-camo","url_meta":{"origin":21352,"position":3},"title":"Jersey Rorschach Camo","author":"James","date":"December 12, 2023","format":false,"excerpt":"Polo avec logo signature \u00ab RCE \u00bb Signature \u00ab Rorschach \u00bb Camouflage Coupe oversize et boxy Le mod\u00e8le mesure 1m85 et porte une taille M Prendre une taille en dessous de votre taille habituelle 98% coton 2% \u00e9lasthanne Made in China \u00a0","rel":"","context":"Similar post","block_context":{"text":"Similar post","link":""},"img":{"alt_text":"","src":"https:\/\/i0.wp.com\/relancedesign.com\/wp-content\/uploads\/2023\/12\/N0A1006.jpg?fit=800%2C1200&ssl=1&resize=350%2C200","width":350,"height":200,"srcset":"https:\/\/i0.wp.com\/relancedesign.com\/wp-content\/uploads\/2023\/12\/N0A1006.jpg?fit=800%2C1200&ssl=1&resize=350%2C200 1x, https:\/\/i0.wp.com\/relancedesign.com\/wp-content\/uploads\/2023\/12\/N0A1006.jpg?fit=800%2C1200&ssl=1&resize=525%2C300 1.5x, https:\/\/i0.wp.com\/relancedesign.com\/wp-content\/uploads\/2023\/12\/N0A1006.jpg?fit=800%2C1200&ssl=1&resize=700%2C400 2x"},"classes":[]},{"id":9979,"url":"https:\/\/relancedesign.com\/en\/product\/rorschach-camo-tote-bag","url_meta":{"origin":21352,"position":4},"title":"Rorschach Camo Tote Bag","author":"James","date":"December 12, 2023","format":false,"excerpt":"Signature Rorschach Camouflage Oversize Made in China \u00a0","rel":"","context":"Similar post","block_context":{"text":"Similar post","link":""},"img":{"alt_text":"","src":"https:\/\/i0.wp.com\/relancedesign.com\/wp-content\/uploads\/2023\/12\/N0A1068.jpg?fit=800%2C1200&ssl=1&resize=350%2C200","width":350,"height":200,"srcset":"https:\/\/i0.wp.com\/relancedesign.com\/wp-content\/uploads\/2023\/12\/N0A1068.jpg?fit=800%2C1200&ssl=1&resize=350%2C200 1x, https:\/\/i0.wp.com\/relancedesign.com\/wp-content\/uploads\/2023\/12\/N0A1068.jpg?fit=800%2C1200&ssl=1&resize=525%2C300 1.5x, https:\/\/i0.wp.com\/relancedesign.com\/wp-content\/uploads\/2023\/12\/N0A1068.jpg?fit=800%2C1200&ssl=1&resize=700%2C400 2x"},"classes":[]},{"id":10004,"url":"https:\/\/relancedesign.com\/en\/product\/t-shirt-relance-rorschach","url_meta":{"origin":21352,"position":5},"title":"T-shirt Relance^ Rorschach","author":"James","date":"December 12, 2023","format":false,"excerpt":"T-shirt Relance^ Rorschach Logo Relance^ avec imprim\u00e9 Rorschach et logo \u00ab pont \u00bb au dos Coupe droite 100% coton Made in China Le mod\u00e8le mesure 1m85 et porte une taille Large \u00a0","rel":"","context":"Similar post","block_context":{"text":"Similar post","link":""},"img":{"alt_text":"","src":"https:\/\/i0.wp.com\/relancedesign.com\/wp-content\/uploads\/2023\/12\/N0A1035.jpg?fit=800%2C1200&ssl=1&resize=350%2C200","width":350,"height":200,"srcset":"https:\/\/i0.wp.com\/relancedesign.com\/wp-content\/uploads\/2023\/12\/N0A1035.jpg?fit=800%2C1200&ssl=1&resize=350%2C200 1x, https:\/\/i0.wp.com\/relancedesign.com\/wp-content\/uploads\/2023\/12\/N0A1035.jpg?fit=800%2C1200&ssl=1&resize=525%2C300 1.5x, https:\/\/i0.wp.com\/relancedesign.com\/wp-content\/uploads\/2023\/12\/N0A1035.jpg?fit=800%2C1200&ssl=1&resize=700%2C400 2x"},"classes":[]}],"jetpack_sharing_enabled":true,"_links":{"self":[{"href":"https:\/\/relancedesign.com\/en\/wp-json\/wp\/v2\/product\/21352","targetHints":{"allow":["GET"]}}],"collection":[{"href":"https:\/\/relancedesign.com\/en\/wp-json\/wp\/v2\/product"}],"about":[{"href":"https:\/\/relancedesign.com\/en\/wp-json\/wp\/v2\/types\/product"}],"wp:featuredmedia":[{"embeddable":true,"href":"https:\/\/relancedesign.com\/en\/wp-json\/wp\/v2\/media\/21363"}],"wp:attachment":[{"href":"https:\/\/relancedesign.com\/en\/wp-json\/wp\/v2\/media?parent=21352"}],"wp:term":[{"taxonomy":"product_brand","embeddable":true,"href":"https:\/\/relancedesign.com\/en\/wp-json\/wp\/v2\/product_brand?post=21352"},{"taxonomy":"product_cat","embeddable":true,"href":"https:\/\/relancedesign.com\/en\/wp-json\/wp\/v2\/product_cat?post=21352"},{"taxonomy":"product_tag","embeddable":true,"href":"https:\/\/relancedesign.com\/en\/wp-json\/wp\/v2\/product_tag?post=21352"}],"curies":[{"name":"wp","href":"https:\/\/api.w.org\/{rel}","templated":true}]}}