{"id":21708,"date":"2025-11-02T18:00:53","date_gmt":"2025-11-02T16:00:53","guid":{"rendered":"https:\/\/relancedesign.com\/?post_type=product&#038;p=21708"},"modified":"2026-02-05T19:15:44","modified_gmt":"2026-02-05T17:15:44","slug":"tote-bag-pvc-vert","status":"publish","type":"product","link":"https:\/\/relancedesign.com\/en\/product\/tote-bag-pvc-vert","title":{"rendered":"Tote Bag PVC Vert"},"content":{"rendered":"<p><span data-sheets-root=\"1\">100% PVC Made In China<\/span><\/p>","protected":false},"excerpt":{"rendered":"<p>100% PVC Made In China<\/p>","protected":false},"featured_media":21709,"template":"","meta":[],"product_brand":[],"product_cat":[33],"product_tag":[],"class_list":{"0":"post-21708","1":"product","2":"type-product","3":"status-publish","4":"has-post-thumbnail","6":"product_cat-accessories","8":"first","9":"instock","10":"shipping-taxable","11":"purchasable","12":"product-type-simple"},"jetpack-related-posts":[{"id":21713,"url":"https:\/\/relancedesign.com\/en\/product\/tote-bag-pvc-noir","url_meta":{"origin":21708,"position":0},"title":"Tote Bag PVC Noir","author":"James","date":"November 2, 2025","format":false,"excerpt":"100% PVC Made In China","rel":"","context":"Similar post","block_context":{"text":"Similar post","link":""},"img":{"alt_text":"","src":"https:\/\/i0.wp.com\/relancedesign.com\/wp-content\/uploads\/2025\/10\/73909439-bf0f-43f9-8f77-2e398efe829a.JPG.png?fit=816%2C864&ssl=1&resize=350%2C200","width":350,"height":200,"srcset":"https:\/\/i0.wp.com\/relancedesign.com\/wp-content\/uploads\/2025\/10\/73909439-bf0f-43f9-8f77-2e398efe829a.JPG.png?fit=816%2C864&ssl=1&resize=350%2C200 1x, https:\/\/i0.wp.com\/relancedesign.com\/wp-content\/uploads\/2025\/10\/73909439-bf0f-43f9-8f77-2e398efe829a.JPG.png?fit=816%2C864&ssl=1&resize=525%2C300 1.5x, https:\/\/i0.wp.com\/relancedesign.com\/wp-content\/uploads\/2025\/10\/73909439-bf0f-43f9-8f77-2e398efe829a.JPG.png?fit=816%2C864&ssl=1&resize=700%2C400 2x"},"classes":[]},{"id":20920,"url":"https:\/\/relancedesign.com\/en\/product\/tote-bag-pvc-bleu","url_meta":{"origin":21708,"position":1},"title":"Tote Bag PVC Bleu","author":"James","date":"August 4, 2025","format":false,"excerpt":"100% PVC Made In China","rel":"","context":"Similar post","block_context":{"text":"Similar post","link":""},"img":{"alt_text":"","src":"https:\/\/i0.wp.com\/relancedesign.com\/wp-content\/uploads\/2025\/08\/0D654F54-071D-4E0B-9A66-4EA906630726.png?fit=800%2C800&ssl=1&resize=350%2C200","width":350,"height":200,"srcset":"https:\/\/i0.wp.com\/relancedesign.com\/wp-content\/uploads\/2025\/08\/0D654F54-071D-4E0B-9A66-4EA906630726.png?fit=800%2C800&ssl=1&resize=350%2C200 1x, https:\/\/i0.wp.com\/relancedesign.com\/wp-content\/uploads\/2025\/08\/0D654F54-071D-4E0B-9A66-4EA906630726.png?fit=800%2C800&ssl=1&resize=525%2C300 1.5x, https:\/\/i0.wp.com\/relancedesign.com\/wp-content\/uploads\/2025\/08\/0D654F54-071D-4E0B-9A66-4EA906630726.png?fit=800%2C800&ssl=1&resize=700%2C400 2x"},"classes":[]},{"id":9979,"url":"https:\/\/relancedesign.com\/en\/product\/rorschach-camo-tote-bag","url_meta":{"origin":21708,"position":2},"title":"Rorschach Camo Tote Bag","author":"James","date":"December 12, 2023","format":false,"excerpt":"Signature Rorschach Camouflage Oversize Made in China \u00a0","rel":"","context":"Similar post","block_context":{"text":"Similar post","link":""},"img":{"alt_text":"","src":"https:\/\/i0.wp.com\/relancedesign.com\/wp-content\/uploads\/2023\/12\/N0A1068.jpg?fit=800%2C1200&ssl=1&resize=350%2C200","width":350,"height":200,"srcset":"https:\/\/i0.wp.com\/relancedesign.com\/wp-content\/uploads\/2023\/12\/N0A1068.jpg?fit=800%2C1200&ssl=1&resize=350%2C200 1x, https:\/\/i0.wp.com\/relancedesign.com\/wp-content\/uploads\/2023\/12\/N0A1068.jpg?fit=800%2C1200&ssl=1&resize=525%2C300 1.5x, https:\/\/i0.wp.com\/relancedesign.com\/wp-content\/uploads\/2023\/12\/N0A1068.jpg?fit=800%2C1200&ssl=1&resize=700%2C400 2x"},"classes":[]},{"id":19976,"url":"https:\/\/relancedesign.com\/en\/product\/relance-2-0-vintage-wash-cap","url_meta":{"origin":21708,"position":3},"title":"Relance^ 2.0 vintage wash cap","author":"James","date":"July 11, 2025","format":false,"excerpt":"Ajustable cap 100% cotton Made in China","rel":"","context":"Similar post","block_context":{"text":"Similar post","link":""},"img":{"alt_text":"","src":"https:\/\/i0.wp.com\/relancedesign.com\/wp-content\/uploads\/2025\/07\/IMG_5815.jpeg?fit=1200%2C800&ssl=1&resize=350%2C200","width":350,"height":200,"srcset":"https:\/\/i0.wp.com\/relancedesign.com\/wp-content\/uploads\/2025\/07\/IMG_5815.jpeg?fit=1200%2C800&ssl=1&resize=350%2C200 1x, https:\/\/i0.wp.com\/relancedesign.com\/wp-content\/uploads\/2025\/07\/IMG_5815.jpeg?fit=1200%2C800&ssl=1&resize=525%2C300 1.5x, https:\/\/i0.wp.com\/relancedesign.com\/wp-content\/uploads\/2025\/07\/IMG_5815.jpeg?fit=1200%2C800&ssl=1&resize=700%2C400 2x, https:\/\/i0.wp.com\/relancedesign.com\/wp-content\/uploads\/2025\/07\/IMG_5815.jpeg?fit=1200%2C800&ssl=1&resize=1050%2C600 3x"},"classes":[]},{"id":21352,"url":"https:\/\/relancedesign.com\/en\/product\/veste-rorshach-camo-grey-black","url_meta":{"origin":21708,"position":4},"title":"Veste Rorshach camo grey\/black","author":"James","date":"December 4, 2025","format":false,"excerpt":"Veste Rorshach camouflage 100% jacquard tress\u00e9 Coupe Boxy droite Zipper Logo 100% jacquard Made in China","rel":"","context":"Similar post","block_context":{"text":"Similar post","link":""},"img":{"alt_text":"","src":"https:\/\/i0.wp.com\/relancedesign.com\/wp-content\/uploads\/2025\/09\/2943EF49-2C91-4217-908F-D8CAE0F076C8.jpeg?fit=800%2C1200&ssl=1&resize=350%2C200","width":350,"height":200,"srcset":"https:\/\/i0.wp.com\/relancedesign.com\/wp-content\/uploads\/2025\/09\/2943EF49-2C91-4217-908F-D8CAE0F076C8.jpeg?fit=800%2C1200&ssl=1&resize=350%2C200 1x, https:\/\/i0.wp.com\/relancedesign.com\/wp-content\/uploads\/2025\/09\/2943EF49-2C91-4217-908F-D8CAE0F076C8.jpeg?fit=800%2C1200&ssl=1&resize=525%2C300 1.5x, https:\/\/i0.wp.com\/relancedesign.com\/wp-content\/uploads\/2025\/09\/2943EF49-2C91-4217-908F-D8CAE0F076C8.jpeg?fit=800%2C1200&ssl=1&resize=700%2C400 2x"},"classes":[]},{"id":4131,"url":"https:\/\/relancedesign.com\/en\/product\/classic-logo-hoodie-vert","url_meta":{"origin":21708,"position":5},"title":"Classic logo hoodie vert &#8211; Relance^","author":"D29_457788","date":"December 5, 2021","format":false,"excerpt":"Indispensable de la garde-robe, notre hoodie classique allie le confort et la qualit\u00e9. Brod\u00e9e \u00e0 l\u2019avant et \u00e0 l\u2019arri\u00e8re Disponible en vert et noir Coupe regular 100% coton Made In France","rel":"","context":"Similar post","block_context":{"text":"Similar post","link":""},"img":{"alt_text":"","src":"https:\/\/i0.wp.com\/relancedesign.com\/wp-content\/uploads\/2021\/12\/Classic-logo-hoodie-1.jpg?fit=600%2C795&ssl=1&resize=350%2C200","width":350,"height":200,"srcset":"https:\/\/i0.wp.com\/relancedesign.com\/wp-content\/uploads\/2021\/12\/Classic-logo-hoodie-1.jpg?fit=600%2C795&ssl=1&resize=350%2C200 1x, https:\/\/i0.wp.com\/relancedesign.com\/wp-content\/uploads\/2021\/12\/Classic-logo-hoodie-1.jpg?fit=600%2C795&ssl=1&resize=525%2C300 1.5x"},"classes":[]}],"jetpack_sharing_enabled":true,"_links":{"self":[{"href":"https:\/\/relancedesign.com\/en\/wp-json\/wp\/v2\/product\/21708","targetHints":{"allow":["GET"]}}],"collection":[{"href":"https:\/\/relancedesign.com\/en\/wp-json\/wp\/v2\/product"}],"about":[{"href":"https:\/\/relancedesign.com\/en\/wp-json\/wp\/v2\/types\/product"}],"wp:featuredmedia":[{"embeddable":true,"href":"https:\/\/relancedesign.com\/en\/wp-json\/wp\/v2\/media\/21709"}],"wp:attachment":[{"href":"https:\/\/relancedesign.com\/en\/wp-json\/wp\/v2\/media?parent=21708"}],"wp:term":[{"taxonomy":"product_brand","embeddable":true,"href":"https:\/\/relancedesign.com\/en\/wp-json\/wp\/v2\/product_brand?post=21708"},{"taxonomy":"product_cat","embeddable":true,"href":"https:\/\/relancedesign.com\/en\/wp-json\/wp\/v2\/product_cat?post=21708"},{"taxonomy":"product_tag","embeddable":true,"href":"https:\/\/relancedesign.com\/en\/wp-json\/wp\/v2\/product_tag?post=21708"}],"curies":[{"name":"wp","href":"https:\/\/api.w.org\/{rel}","templated":true}]}}