{"id":4119,"date":"2022-01-01T13:57:03","date_gmt":"2022-01-01T13:57:03","guid":{"rendered":"https:\/\/relancedesign.com\/?post_type=product&#038;p=4119"},"modified":"2025-07-07T09:27:38","modified_gmt":"2025-07-07T09:27:38","slug":"sleeveless-vest","status":"publish","type":"product","link":"https:\/\/relancedesign.com\/en\/product\/sleeveless-vest","title":{"rendered":"Sleeveless Vest &#8211; Relance^"},"content":{"rendered":"<p>Sleeveless Vest &#8211; Tout droit inspir\u00e9 de l\u2019animation japonaise, la veste sans manche avec poche oversize est le must have de cette collection.<br \/>\nReglar cut (short cut for the lenght)<br \/>\nUnisexe<br \/>\nModel is wearing a Large<br \/>\nImported product<\/p>\n<p>&nbsp;<\/p>","protected":false},"excerpt":{"rendered":"<p>Sleeveless Vest &#8211; Tout droit inspir\u00e9 de l\u2019animation japonaise, la veste sans manche avec poche oversize est le must have de cette collection.<br \/>\nReglar cut (short cut for the lenght)<br \/>\nModel is wearing a Large<br \/>\nImported product<\/p>","protected":false},"featured_media":4120,"template":"","meta":[],"product_brand":[],"product_cat":[109,15],"product_tag":[],"class_list":{"0":"post-4119","1":"product","2":"type-product","3":"status-publish","4":"has-post-thumbnail","6":"product_cat-hauts","7":"product_cat-uncategorized","9":"first","10":"outofstock","11":"shipping-taxable","12":"purchasable","13":"product-type-variable"},"jetpack-related-posts":[{"id":9987,"url":"https:\/\/relancedesign.com\/en\/product\/veste-jacquard-rorschach-camo","url_meta":{"origin":4119,"position":0},"title":"Veste Jacquard Rorschach Camo","author":"James","date":"December 12, 2023","format":false,"excerpt":"Veste inspiration Workwear avec zipper et poches Camouflage signature \u00ab Rorschach \u00bb Coupe droite 100% Jacquard tress\u00e9s Le mod\u00e8le mesure 1m85 et porte une taille Large \u00a0","rel":"","context":"Similar post","block_context":{"text":"Similar post","link":""},"img":{"alt_text":"","src":"https:\/\/i0.wp.com\/relancedesign.com\/wp-content\/uploads\/2023\/12\/N0A1052.jpg?fit=800%2C1200&ssl=1&resize=350%2C200","width":350,"height":200,"srcset":"https:\/\/i0.wp.com\/relancedesign.com\/wp-content\/uploads\/2023\/12\/N0A1052.jpg?fit=800%2C1200&ssl=1&resize=350%2C200 1x, https:\/\/i0.wp.com\/relancedesign.com\/wp-content\/uploads\/2023\/12\/N0A1052.jpg?fit=800%2C1200&ssl=1&resize=525%2C300 1.5x, https:\/\/i0.wp.com\/relancedesign.com\/wp-content\/uploads\/2023\/12\/N0A1052.jpg?fit=800%2C1200&ssl=1&resize=700%2C400 2x"},"classes":[]},{"id":4134,"url":"https:\/\/relancedesign.com\/en\/product\/tracksuit-jacket","url_meta":{"origin":4119,"position":1},"title":"Tracksuit jacket &#8211; Relance^","author":"D29_457788","date":"December 5, 2021","format":false,"excerpt":"Veste oversize French Terry avec zip \u00ab A86 \u00bb. La rencontre entre le confort et l'esth\u00e9tisme. Convient \u00e0 toutes les silhouettes Le model porte taille M Made In France","rel":"","context":"Similar post","block_context":{"text":"Similar post","link":""},"img":{"alt_text":"","src":"https:\/\/i0.wp.com\/relancedesign.com\/wp-content\/uploads\/2021\/12\/RELANCE-1.jpg?fit=600%2C795&ssl=1&resize=350%2C200","width":350,"height":200,"srcset":"https:\/\/i0.wp.com\/relancedesign.com\/wp-content\/uploads\/2021\/12\/RELANCE-1.jpg?fit=600%2C795&ssl=1&resize=350%2C200 1x, https:\/\/i0.wp.com\/relancedesign.com\/wp-content\/uploads\/2021\/12\/RELANCE-1.jpg?fit=600%2C795&ssl=1&resize=525%2C300 1.5x"},"classes":[]},{"id":21284,"url":"https:\/\/relancedesign.com\/en\/product\/veste-en-denim-selvedge","url_meta":{"origin":4119,"position":2},"title":"Veste en denim selvedge","author":"James","date":"September 5, 2025","format":false,"excerpt":"Veste en denim selvedge Coupe Boxy et Oversize Logo signature brod\u00e9 Patch en cuir Boucle de martingale ajustable \u00e0 l'arri\u00e8re 100% Coton Toile de Jean 13,5 oz Made in China","rel":"","context":"Similar post","block_context":{"text":"Similar post","link":""},"img":{"alt_text":"","src":"https:\/\/i0.wp.com\/relancedesign.com\/wp-content\/uploads\/2025\/09\/4F9D05D8-0AB8-4FFC-A919-77C59C91A130.jpeg?fit=800%2C1200&ssl=1&resize=350%2C200","width":350,"height":200,"srcset":"https:\/\/i0.wp.com\/relancedesign.com\/wp-content\/uploads\/2025\/09\/4F9D05D8-0AB8-4FFC-A919-77C59C91A130.jpeg?fit=800%2C1200&ssl=1&resize=350%2C200 1x, https:\/\/i0.wp.com\/relancedesign.com\/wp-content\/uploads\/2025\/09\/4F9D05D8-0AB8-4FFC-A919-77C59C91A130.jpeg?fit=800%2C1200&ssl=1&resize=525%2C300 1.5x, https:\/\/i0.wp.com\/relancedesign.com\/wp-content\/uploads\/2025\/09\/4F9D05D8-0AB8-4FFC-A919-77C59C91A130.jpeg?fit=800%2C1200&ssl=1&resize=700%2C400 2x"},"classes":[]},{"id":4147,"url":"https:\/\/relancedesign.com\/en\/product\/t-shirt-a86-2-0","url_meta":{"origin":4119,"position":3},"title":"T-shirt A86 2.0 &#8211; Relance^","author":"D29_457788","date":"December 5, 2021","format":false,"excerpt":"Version revisit\u00e9e de notre T-shirt A-86. Coupe regular 100% coton Le model porte une taille M Made in France","rel":"","context":"Similar post","block_context":{"text":"Similar post","link":""},"img":{"alt_text":"","src":"https:\/\/i0.wp.com\/relancedesign.com\/wp-content\/uploads\/2021\/12\/T-shirt-A86-2.0-1.jpg?fit=600%2C795&ssl=1&resize=350%2C200","width":350,"height":200,"srcset":"https:\/\/i0.wp.com\/relancedesign.com\/wp-content\/uploads\/2021\/12\/T-shirt-A86-2.0-1.jpg?fit=600%2C795&ssl=1&resize=350%2C200 1x, https:\/\/i0.wp.com\/relancedesign.com\/wp-content\/uploads\/2021\/12\/T-shirt-A86-2.0-1.jpg?fit=600%2C795&ssl=1&resize=525%2C300 1.5x"},"classes":[]},{"id":21352,"url":"https:\/\/relancedesign.com\/en\/product\/veste-rorshach-camo-grey-black","url_meta":{"origin":4119,"position":4},"title":"Veste Rorshach camo grey\/black","author":"James","date":"December 4, 2025","format":false,"excerpt":"Veste Rorshach camouflage 100% jacquard tress\u00e9 Coupe Boxy droite Zipper Logo 100% jacquard Made in China","rel":"","context":"Similar post","block_context":{"text":"Similar post","link":""},"img":{"alt_text":"","src":"https:\/\/i0.wp.com\/relancedesign.com\/wp-content\/uploads\/2025\/09\/2943EF49-2C91-4217-908F-D8CAE0F076C8.jpeg?fit=800%2C1200&ssl=1&resize=350%2C200","width":350,"height":200,"srcset":"https:\/\/i0.wp.com\/relancedesign.com\/wp-content\/uploads\/2025\/09\/2943EF49-2C91-4217-908F-D8CAE0F076C8.jpeg?fit=800%2C1200&ssl=1&resize=350%2C200 1x, https:\/\/i0.wp.com\/relancedesign.com\/wp-content\/uploads\/2025\/09\/2943EF49-2C91-4217-908F-D8CAE0F076C8.jpeg?fit=800%2C1200&ssl=1&resize=525%2C300 1.5x, https:\/\/i0.wp.com\/relancedesign.com\/wp-content\/uploads\/2025\/09\/2943EF49-2C91-4217-908F-D8CAE0F076C8.jpeg?fit=800%2C1200&ssl=1&resize=700%2C400 2x"},"classes":[]},{"id":9998,"url":"https:\/\/relancedesign.com\/en\/product\/jersey-rorschach-camo","url_meta":{"origin":4119,"position":5},"title":"Jersey Rorschach Camo","author":"James","date":"December 12, 2023","format":false,"excerpt":"Polo avec logo signature \u00ab RCE \u00bb Signature \u00ab Rorschach \u00bb Camouflage Coupe oversize et boxy Le mod\u00e8le mesure 1m85 et porte une taille M Prendre une taille en dessous de votre taille habituelle 98% coton 2% \u00e9lasthanne Made in China \u00a0","rel":"","context":"Similar post","block_context":{"text":"Similar post","link":""},"img":{"alt_text":"","src":"https:\/\/i0.wp.com\/relancedesign.com\/wp-content\/uploads\/2023\/12\/N0A1006.jpg?fit=800%2C1200&ssl=1&resize=350%2C200","width":350,"height":200,"srcset":"https:\/\/i0.wp.com\/relancedesign.com\/wp-content\/uploads\/2023\/12\/N0A1006.jpg?fit=800%2C1200&ssl=1&resize=350%2C200 1x, https:\/\/i0.wp.com\/relancedesign.com\/wp-content\/uploads\/2023\/12\/N0A1006.jpg?fit=800%2C1200&ssl=1&resize=525%2C300 1.5x, https:\/\/i0.wp.com\/relancedesign.com\/wp-content\/uploads\/2023\/12\/N0A1006.jpg?fit=800%2C1200&ssl=1&resize=700%2C400 2x"},"classes":[]}],"jetpack_sharing_enabled":true,"_links":{"self":[{"href":"https:\/\/relancedesign.com\/en\/wp-json\/wp\/v2\/product\/4119","targetHints":{"allow":["GET"]}}],"collection":[{"href":"https:\/\/relancedesign.com\/en\/wp-json\/wp\/v2\/product"}],"about":[{"href":"https:\/\/relancedesign.com\/en\/wp-json\/wp\/v2\/types\/product"}],"wp:featuredmedia":[{"embeddable":true,"href":"https:\/\/relancedesign.com\/en\/wp-json\/wp\/v2\/media\/4120"}],"wp:attachment":[{"href":"https:\/\/relancedesign.com\/en\/wp-json\/wp\/v2\/media?parent=4119"}],"wp:term":[{"taxonomy":"product_brand","embeddable":true,"href":"https:\/\/relancedesign.com\/en\/wp-json\/wp\/v2\/product_brand?post=4119"},{"taxonomy":"product_cat","embeddable":true,"href":"https:\/\/relancedesign.com\/en\/wp-json\/wp\/v2\/product_cat?post=4119"},{"taxonomy":"product_tag","embeddable":true,"href":"https:\/\/relancedesign.com\/en\/wp-json\/wp\/v2\/product_tag?post=4119"}],"curies":[{"name":"wp","href":"https:\/\/api.w.org\/{rel}","templated":true}]}}