{"id":4131,"date":"2021-12-05T14:19:11","date_gmt":"2021-12-05T14:19:11","guid":{"rendered":"https:\/\/relancedesign.com\/?post_type=product&#038;p=4131"},"modified":"2025-07-07T19:06:20","modified_gmt":"2025-07-07T19:06:20","slug":"classic-logo-hoodie-vert","status":"publish","type":"product","link":"https:\/\/relancedesign.com\/en\/product\/classic-logo-hoodie-vert","title":{"rendered":"Classic logo hoodie vert &#8211; Relance^"},"content":{"rendered":"<p>A wardrobe must have, our classic hoodie mixes confort and quality with embroidery in the front and the back.<br \/>\nEmbroidered front and back<br \/>\nAvailable in black and emerald green.<br \/>\nRegular fit 100% cotton<br \/>\nMade in France<\/p>\n<p>&nbsp;<\/p>","protected":false},"excerpt":{"rendered":"<p>A wardrobe must have, our classic hoodie mixes confort and quality with embroidery in the front and the back.<br \/>\nEmbroidered front and back<br \/>\nAvailable in black and emerald green.<br \/>\nRegular fit 100% cotton<br \/>\nMade in France<\/p>","protected":false},"featured_media":4132,"template":"","meta":[],"product_brand":[],"product_cat":[110,100,108,15],"product_tag":[],"class_list":{"0":"post-4131","1":"product","2":"type-product","3":"status-publish","4":"has-post-thumbnail","6":"product_cat-ancienne-collection","7":"product_cat-archive","8":"product_cat-promo","9":"product_cat-uncategorized","11":"first","12":"instock","13":"sale","14":"shipping-taxable","15":"purchasable","16":"product-type-variable"},"jetpack-related-posts":[{"id":4355,"url":"https:\/\/relancedesign.com\/en\/product\/classic-logo-hoodie-noir","url_meta":{"origin":4131,"position":0},"title":"Classic logo hoodie noir &#8211; Relance^","author":"D29_457788","date":"December 30, 2021","format":false,"excerpt":"Indispensable de la garde-robe, notre hoodie classique allie confort et qualit\u00e9. Brod\u00e9e \u00e0 l\u2019avant et \u00e0 l\u2019arri\u00e8re. Disponible en vert et noir. Coupe regular 100% coton Made In France","rel":"","context":"Similar post","block_context":{"text":"Similar post","link":""},"img":{"alt_text":"","src":"https:\/\/i0.wp.com\/relancedesign.com\/wp-content\/uploads\/2021\/12\/RELANCE_SHOOT_3-6-e1648390268865.jpg?fit=600%2C794&ssl=1&resize=350%2C200","width":350,"height":200,"srcset":"https:\/\/i0.wp.com\/relancedesign.com\/wp-content\/uploads\/2021\/12\/RELANCE_SHOOT_3-6-e1648390268865.jpg?fit=600%2C794&ssl=1&resize=350%2C200 1x, https:\/\/i0.wp.com\/relancedesign.com\/wp-content\/uploads\/2021\/12\/RELANCE_SHOOT_3-6-e1648390268865.jpg?fit=600%2C794&ssl=1&resize=525%2C300 1.5x"},"classes":[]},{"id":4410,"url":"https:\/\/relancedesign.com\/en\/product\/hoodie-86-noir-copie","url_meta":{"origin":4131,"position":1},"title":"Hoodie 86 &#8211; Relance^","author":"D29_457788","date":"December 30, 2021","format":false,"excerpt":"100% cotton. A86 logo in Middle & \u00ab rce^ \u00bb logo on the back. Made in France","rel":"","context":"Similar post","block_context":{"text":"Similar post","link":""},"img":{"alt_text":"","src":"https:\/\/i0.wp.com\/relancedesign.com\/wp-content\/uploads\/2021\/12\/relance-hoodie-noir-86.png?fit=600%2C795&ssl=1&resize=350%2C200","width":350,"height":200,"srcset":"https:\/\/i0.wp.com\/relancedesign.com\/wp-content\/uploads\/2021\/12\/relance-hoodie-noir-86.png?fit=600%2C795&ssl=1&resize=350%2C200 1x, https:\/\/i0.wp.com\/relancedesign.com\/wp-content\/uploads\/2021\/12\/relance-hoodie-noir-86.png?fit=600%2C795&ssl=1&resize=525%2C300 1.5x"},"classes":[]},{"id":549,"url":"https:\/\/relancedesign.com\/en\/product\/tacksuit-pants","url_meta":{"origin":4131,"position":2},"title":"Tacksuit Pants &#8211; Relance^","author":"D29_457788","date":"April 17, 2019","format":false,"excerpt":"Pantalon oversize en french terry avec fente \u00e0 l\u2019arri\u00e8re. Rencontre entre le confort et l'esth\u00e9tisme pour cr\u00e9er une silhouette singuli\u00e8re. Model porte une taille L Made In France","rel":"","context":"With 1 comment","block_context":{"text":"With 1 comment","link":"https:\/\/relancedesign.com\/en\/product\/tacksuit-pants#comments"},"img":{"alt_text":"","src":"https:\/\/i0.wp.com\/relancedesign.com\/wp-content\/uploads\/2019\/04\/Tacksuit-pants.jpg?fit=600%2C795&ssl=1&resize=350%2C200","width":350,"height":200,"srcset":"https:\/\/i0.wp.com\/relancedesign.com\/wp-content\/uploads\/2019\/04\/Tacksuit-pants.jpg?fit=600%2C795&ssl=1&resize=350%2C200 1x, https:\/\/i0.wp.com\/relancedesign.com\/wp-content\/uploads\/2019\/04\/Tacksuit-pants.jpg?fit=600%2C795&ssl=1&resize=525%2C300 1.5x"},"classes":[]},{"id":4147,"url":"https:\/\/relancedesign.com\/en\/product\/t-shirt-a86-2-0","url_meta":{"origin":4131,"position":3},"title":"T-shirt A86 2.0 &#8211; Relance^","author":"D29_457788","date":"December 5, 2021","format":false,"excerpt":"Version revisit\u00e9e de notre T-shirt A-86. Coupe regular 100% coton Le model porte une taille M Made in France","rel":"","context":"Similar post","block_context":{"text":"Similar post","link":""},"img":{"alt_text":"","src":"https:\/\/i0.wp.com\/relancedesign.com\/wp-content\/uploads\/2021\/12\/T-shirt-A86-2.0-1.jpg?fit=600%2C795&ssl=1&resize=350%2C200","width":350,"height":200,"srcset":"https:\/\/i0.wp.com\/relancedesign.com\/wp-content\/uploads\/2021\/12\/T-shirt-A86-2.0-1.jpg?fit=600%2C795&ssl=1&resize=350%2C200 1x, https:\/\/i0.wp.com\/relancedesign.com\/wp-content\/uploads\/2021\/12\/T-shirt-A86-2.0-1.jpg?fit=600%2C795&ssl=1&resize=525%2C300 1.5x"},"classes":[]},{"id":4134,"url":"https:\/\/relancedesign.com\/en\/product\/tracksuit-jacket","url_meta":{"origin":4131,"position":4},"title":"Tracksuit jacket &#8211; Relance^","author":"D29_457788","date":"December 5, 2021","format":false,"excerpt":"Veste oversize French Terry avec zip \u00ab A86 \u00bb. La rencontre entre le confort et l'esth\u00e9tisme. Convient \u00e0 toutes les silhouettes Le model porte taille M Made In France","rel":"","context":"Similar post","block_context":{"text":"Similar post","link":""},"img":{"alt_text":"","src":"https:\/\/i0.wp.com\/relancedesign.com\/wp-content\/uploads\/2021\/12\/RELANCE-1.jpg?fit=600%2C795&ssl=1&resize=350%2C200","width":350,"height":200,"srcset":"https:\/\/i0.wp.com\/relancedesign.com\/wp-content\/uploads\/2021\/12\/RELANCE-1.jpg?fit=600%2C795&ssl=1&resize=350%2C200 1x, https:\/\/i0.wp.com\/relancedesign.com\/wp-content\/uploads\/2021\/12\/RELANCE-1.jpg?fit=600%2C795&ssl=1&resize=525%2C300 1.5x"},"classes":[]},{"id":4400,"url":"https:\/\/relancedesign.com\/en\/product\/casquette-rce-twill","url_meta":{"origin":4131,"position":5},"title":"Rce^ twill Cap","author":"D29_457788","date":"December 30, 2021","format":false,"excerpt":"100% Coton \u00ab rce \u00bb Logo in the middle. Made in France","rel":"","context":"Similar post","block_context":{"text":"Similar post","link":""},"img":{"alt_text":"","src":"https:\/\/i0.wp.com\/relancedesign.com\/wp-content\/uploads\/2021\/12\/Casquette-rce.png?fit=600%2C795&ssl=1&resize=350%2C200","width":350,"height":200,"srcset":"https:\/\/i0.wp.com\/relancedesign.com\/wp-content\/uploads\/2021\/12\/Casquette-rce.png?fit=600%2C795&ssl=1&resize=350%2C200 1x, https:\/\/i0.wp.com\/relancedesign.com\/wp-content\/uploads\/2021\/12\/Casquette-rce.png?fit=600%2C795&ssl=1&resize=525%2C300 1.5x"},"classes":[]}],"jetpack_sharing_enabled":true,"_links":{"self":[{"href":"https:\/\/relancedesign.com\/en\/wp-json\/wp\/v2\/product\/4131","targetHints":{"allow":["GET"]}}],"collection":[{"href":"https:\/\/relancedesign.com\/en\/wp-json\/wp\/v2\/product"}],"about":[{"href":"https:\/\/relancedesign.com\/en\/wp-json\/wp\/v2\/types\/product"}],"wp:featuredmedia":[{"embeddable":true,"href":"https:\/\/relancedesign.com\/en\/wp-json\/wp\/v2\/media\/4132"}],"wp:attachment":[{"href":"https:\/\/relancedesign.com\/en\/wp-json\/wp\/v2\/media?parent=4131"}],"wp:term":[{"taxonomy":"product_brand","embeddable":true,"href":"https:\/\/relancedesign.com\/en\/wp-json\/wp\/v2\/product_brand?post=4131"},{"taxonomy":"product_cat","embeddable":true,"href":"https:\/\/relancedesign.com\/en\/wp-json\/wp\/v2\/product_cat?post=4131"},{"taxonomy":"product_tag","embeddable":true,"href":"https:\/\/relancedesign.com\/en\/wp-json\/wp\/v2\/product_tag?post=4131"}],"curies":[{"name":"wp","href":"https:\/\/api.w.org\/{rel}","templated":true}]}}