{"id":4355,"date":"2021-12-30T19:59:35","date_gmt":"2021-12-30T19:59:35","guid":{"rendered":"https:\/\/relancedesign.com\/?post_type=product&#038;p=4355"},"modified":"2025-07-07T19:05:59","modified_gmt":"2025-07-07T19:05:59","slug":"classic-logo-hoodie-noir","status":"publish","type":"product","link":"https:\/\/relancedesign.com\/en\/product\/classic-logo-hoodie-noir","title":{"rendered":"Classic logo hoodie noir &#8211; Relance^"},"content":{"rendered":"<p>A wardrobe must have, our classic hoodie mixes confort and quality with embroidery in the front and the back.<\/p>\n<p>&nbsp;<\/p>","protected":false},"excerpt":{"rendered":"<p>A wardrobe must have, our classic hoodie mixes confort and quality with embroidery in the front and the back.<br \/>\nBrod\u00e9e \u00e0 l\u2019avant et \u00e0 l\u2019arri\u00e8re.<br \/>\nDisponible en vert et noir.<br \/>\nRegular fit 100% cotton<br \/>\nMade in France<\/p>","protected":false},"featured_media":4697,"template":"","meta":[],"product_brand":[],"product_cat":[110,100,108,15],"product_tag":[],"class_list":{"0":"post-4355","1":"product","2":"type-product","3":"status-publish","4":"has-post-thumbnail","6":"product_cat-ancienne-collection","7":"product_cat-archive","8":"product_cat-promo","9":"product_cat-uncategorized","11":"first","12":"instock","13":"sale","14":"shipping-taxable","15":"purchasable","16":"product-type-variable"},"jetpack-related-posts":[{"id":4131,"url":"https:\/\/relancedesign.com\/en\/product\/classic-logo-hoodie-vert","url_meta":{"origin":4355,"position":0},"title":"Classic logo hoodie vert &#8211; Relance^","author":"D29_457788","date":"December 5, 2021","format":false,"excerpt":"Indispensable de la garde-robe, notre hoodie classique allie le confort et la qualit\u00e9. Brod\u00e9e \u00e0 l\u2019avant et \u00e0 l\u2019arri\u00e8re Disponible en vert et noir Coupe regular 100% coton Made In France","rel":"","context":"Similar post","block_context":{"text":"Similar post","link":""},"img":{"alt_text":"","src":"https:\/\/i0.wp.com\/relancedesign.com\/wp-content\/uploads\/2021\/12\/Classic-logo-hoodie-1.jpg?fit=600%2C795&ssl=1&resize=350%2C200","width":350,"height":200,"srcset":"https:\/\/i0.wp.com\/relancedesign.com\/wp-content\/uploads\/2021\/12\/Classic-logo-hoodie-1.jpg?fit=600%2C795&ssl=1&resize=350%2C200 1x, https:\/\/i0.wp.com\/relancedesign.com\/wp-content\/uploads\/2021\/12\/Classic-logo-hoodie-1.jpg?fit=600%2C795&ssl=1&resize=525%2C300 1.5x"},"classes":[]},{"id":4410,"url":"https:\/\/relancedesign.com\/en\/product\/hoodie-86-noir-copie","url_meta":{"origin":4355,"position":1},"title":"Hoodie 86 &#8211; Relance^","author":"D29_457788","date":"December 30, 2021","format":false,"excerpt":"100% cotton. A86 logo in Middle & \u00ab rce^ \u00bb logo on the back. Made in France","rel":"","context":"Similar post","block_context":{"text":"Similar post","link":""},"img":{"alt_text":"","src":"https:\/\/i0.wp.com\/relancedesign.com\/wp-content\/uploads\/2021\/12\/relance-hoodie-noir-86.png?fit=600%2C795&ssl=1&resize=350%2C200","width":350,"height":200,"srcset":"https:\/\/i0.wp.com\/relancedesign.com\/wp-content\/uploads\/2021\/12\/relance-hoodie-noir-86.png?fit=600%2C795&ssl=1&resize=350%2C200 1x, https:\/\/i0.wp.com\/relancedesign.com\/wp-content\/uploads\/2021\/12\/relance-hoodie-noir-86.png?fit=600%2C795&ssl=1&resize=525%2C300 1.5x"},"classes":[]},{"id":4134,"url":"https:\/\/relancedesign.com\/en\/product\/tracksuit-jacket","url_meta":{"origin":4355,"position":2},"title":"Tracksuit jacket &#8211; Relance^","author":"D29_457788","date":"December 5, 2021","format":false,"excerpt":"Veste oversize French Terry avec zip \u00ab A86 \u00bb. La rencontre entre le confort et l'esth\u00e9tisme. Convient \u00e0 toutes les silhouettes Le model porte taille M Made In France","rel":"","context":"Similar post","block_context":{"text":"Similar post","link":""},"img":{"alt_text":"","src":"https:\/\/i0.wp.com\/relancedesign.com\/wp-content\/uploads\/2021\/12\/RELANCE-1.jpg?fit=600%2C795&ssl=1&resize=350%2C200","width":350,"height":200,"srcset":"https:\/\/i0.wp.com\/relancedesign.com\/wp-content\/uploads\/2021\/12\/RELANCE-1.jpg?fit=600%2C795&ssl=1&resize=350%2C200 1x, https:\/\/i0.wp.com\/relancedesign.com\/wp-content\/uploads\/2021\/12\/RELANCE-1.jpg?fit=600%2C795&ssl=1&resize=525%2C300 1.5x"},"classes":[]},{"id":549,"url":"https:\/\/relancedesign.com\/en\/product\/tacksuit-pants","url_meta":{"origin":4355,"position":3},"title":"Tacksuit Pants &#8211; Relance^","author":"D29_457788","date":"April 17, 2019","format":false,"excerpt":"Pantalon oversize en french terry avec fente \u00e0 l\u2019arri\u00e8re. Rencontre entre le confort et l'esth\u00e9tisme pour cr\u00e9er une silhouette singuli\u00e8re. Model porte une taille L Made In France","rel":"","context":"With 1 comment","block_context":{"text":"With 1 comment","link":"https:\/\/relancedesign.com\/en\/product\/tacksuit-pants#comments"},"img":{"alt_text":"","src":"https:\/\/i0.wp.com\/relancedesign.com\/wp-content\/uploads\/2019\/04\/Tacksuit-pants.jpg?fit=600%2C795&ssl=1&resize=350%2C200","width":350,"height":200,"srcset":"https:\/\/i0.wp.com\/relancedesign.com\/wp-content\/uploads\/2019\/04\/Tacksuit-pants.jpg?fit=600%2C795&ssl=1&resize=350%2C200 1x, https:\/\/i0.wp.com\/relancedesign.com\/wp-content\/uploads\/2019\/04\/Tacksuit-pants.jpg?fit=600%2C795&ssl=1&resize=525%2C300 1.5x"},"classes":[]},{"id":4717,"url":"https:\/\/relancedesign.com\/en\/product\/pantalon-de-survetement","url_meta":{"origin":4355,"position":4},"title":"Pantalon de surv\u00eatement &#8211; Relance^","author":"D29_457788","date":"March 26, 2022","format":false,"excerpt":"Dot\u00e9 d'une coupe droite, ce pantalon de surv\u00eatement noir en coton biologique poss\u00e8de un cordon de serrage \u00e0 la taille et arbore le logo embl\u00e9matique de la marque sur la poche. 100% Coton Le mod\u00e8le porte l'article en taille L","rel":"","context":"Similar post","block_context":{"text":"Similar post","link":""},"img":{"alt_text":"","src":"https:\/\/i0.wp.com\/relancedesign.com\/wp-content\/uploads\/2022\/03\/Relance-design-Pantalon-de-surve%CC%82tement-2-e1648390157241.jpg?fit=600%2C794&ssl=1&resize=350%2C200","width":350,"height":200,"srcset":"https:\/\/i0.wp.com\/relancedesign.com\/wp-content\/uploads\/2022\/03\/Relance-design-Pantalon-de-surve%CC%82tement-2-e1648390157241.jpg?fit=600%2C794&ssl=1&resize=350%2C200 1x, https:\/\/i0.wp.com\/relancedesign.com\/wp-content\/uploads\/2022\/03\/Relance-design-Pantalon-de-surve%CC%82tement-2-e1648390157241.jpg?fit=600%2C794&ssl=1&resize=525%2C300 1.5x"},"classes":[]},{"id":21713,"url":"https:\/\/relancedesign.com\/en\/product\/tote-bag-pvc-noir","url_meta":{"origin":4355,"position":5},"title":"Tote Bag PVC Noir","author":"James","date":"November 2, 2025","format":false,"excerpt":"100% PVC Made In China","rel":"","context":"Similar post","block_context":{"text":"Similar post","link":""},"img":{"alt_text":"","src":"https:\/\/i0.wp.com\/relancedesign.com\/wp-content\/uploads\/2025\/10\/73909439-bf0f-43f9-8f77-2e398efe829a.JPG.png?fit=816%2C864&ssl=1&resize=350%2C200","width":350,"height":200,"srcset":"https:\/\/i0.wp.com\/relancedesign.com\/wp-content\/uploads\/2025\/10\/73909439-bf0f-43f9-8f77-2e398efe829a.JPG.png?fit=816%2C864&ssl=1&resize=350%2C200 1x, https:\/\/i0.wp.com\/relancedesign.com\/wp-content\/uploads\/2025\/10\/73909439-bf0f-43f9-8f77-2e398efe829a.JPG.png?fit=816%2C864&ssl=1&resize=525%2C300 1.5x, https:\/\/i0.wp.com\/relancedesign.com\/wp-content\/uploads\/2025\/10\/73909439-bf0f-43f9-8f77-2e398efe829a.JPG.png?fit=816%2C864&ssl=1&resize=700%2C400 2x"},"classes":[]}],"jetpack_sharing_enabled":true,"_links":{"self":[{"href":"https:\/\/relancedesign.com\/en\/wp-json\/wp\/v2\/product\/4355","targetHints":{"allow":["GET"]}}],"collection":[{"href":"https:\/\/relancedesign.com\/en\/wp-json\/wp\/v2\/product"}],"about":[{"href":"https:\/\/relancedesign.com\/en\/wp-json\/wp\/v2\/types\/product"}],"wp:featuredmedia":[{"embeddable":true,"href":"https:\/\/relancedesign.com\/en\/wp-json\/wp\/v2\/media\/4697"}],"wp:attachment":[{"href":"https:\/\/relancedesign.com\/en\/wp-json\/wp\/v2\/media?parent=4355"}],"wp:term":[{"taxonomy":"product_brand","embeddable":true,"href":"https:\/\/relancedesign.com\/en\/wp-json\/wp\/v2\/product_brand?post=4355"},{"taxonomy":"product_cat","embeddable":true,"href":"https:\/\/relancedesign.com\/en\/wp-json\/wp\/v2\/product_cat?post=4355"},{"taxonomy":"product_tag","embeddable":true,"href":"https:\/\/relancedesign.com\/en\/wp-json\/wp\/v2\/product_tag?post=4355"}],"curies":[{"name":"wp","href":"https:\/\/api.w.org\/{rel}","templated":true}]}}