{"id":4400,"date":"2021-12-30T20:45:59","date_gmt":"2021-12-30T20:45:59","guid":{"rendered":"https:\/\/relancedesign.com\/?post_type=product&#038;p=4400"},"modified":"2025-07-07T19:04:35","modified_gmt":"2025-07-07T19:04:35","slug":"casquette-rce-twill","status":"publish","type":"product","link":"https:\/\/relancedesign.com\/en\/product\/casquette-rce-twill","title":{"rendered":"Rce^ twill Cap"},"content":{"rendered":"<p>100% Cotton \u00ab rce \u00bb Logo in the middle.<\/p>\n<p>Made in France<\/p>\n<p>30<\/p>","protected":false},"excerpt":{"rendered":"<p>100% Cotton \u00ab rce \u00bb Logo in the middle.<\/p>\n<p>Made in France<\/p>","protected":false},"featured_media":4402,"template":"","meta":[],"product_brand":[],"product_cat":[110,100,108,15],"product_tag":[],"class_list":{"0":"post-4400","1":"product","2":"type-product","3":"status-publish","4":"has-post-thumbnail","6":"product_cat-ancienne-collection","7":"product_cat-archive","8":"product_cat-promo","9":"product_cat-uncategorized","11":"first","12":"instock","13":"sale","14":"shipping-taxable","15":"purchasable","16":"product-type-simple"},"jetpack-related-posts":[{"id":4410,"url":"https:\/\/relancedesign.com\/en\/product\/hoodie-86-noir-copie","url_meta":{"origin":4400,"position":0},"title":"Hoodie 86 &#8211; Relance^","author":"D29_457788","date":"December 30, 2021","format":false,"excerpt":"100% cotton. A86 logo in Middle & \u00ab rce^ \u00bb logo on the back. Made in France","rel":"","context":"Similar post","block_context":{"text":"Similar post","link":""},"img":{"alt_text":"","src":"https:\/\/i0.wp.com\/relancedesign.com\/wp-content\/uploads\/2021\/12\/relance-hoodie-noir-86.png?fit=600%2C795&ssl=1&resize=350%2C200","width":350,"height":200,"srcset":"https:\/\/i0.wp.com\/relancedesign.com\/wp-content\/uploads\/2021\/12\/relance-hoodie-noir-86.png?fit=600%2C795&ssl=1&resize=350%2C200 1x, https:\/\/i0.wp.com\/relancedesign.com\/wp-content\/uploads\/2021\/12\/relance-hoodie-noir-86.png?fit=600%2C795&ssl=1&resize=525%2C300 1.5x"},"classes":[]},{"id":21303,"url":"https:\/\/relancedesign.com\/en\/product\/jeans-en-denim-selvedge-rce","url_meta":{"origin":4400,"position":1},"title":"Jeans en denim selvedge RCE^","author":"James","date":"September 5, 2025","format":false,"excerpt":"Jeans en denim selvedge Coupe droite Pour effet baggy aller une taille au dessus Logo RCE^ Imprim\u00e9 sur le devant Logo signature brod\u00e9 sur la poche arri\u00e8re Logo signature brod\u00e9 sur la jambe gauche Patch en cuir 100% coton Toile de Jean 13.5 oz Made in China","rel":"","context":"Similar post","block_context":{"text":"Similar post","link":""},"img":{"alt_text":"","src":"https:\/\/i0.wp.com\/relancedesign.com\/wp-content\/uploads\/2025\/09\/IMG_7354.jpg?fit=800%2C1200&ssl=1&resize=350%2C200","width":350,"height":200,"srcset":"https:\/\/i0.wp.com\/relancedesign.com\/wp-content\/uploads\/2025\/09\/IMG_7354.jpg?fit=800%2C1200&ssl=1&resize=350%2C200 1x, https:\/\/i0.wp.com\/relancedesign.com\/wp-content\/uploads\/2025\/09\/IMG_7354.jpg?fit=800%2C1200&ssl=1&resize=525%2C300 1.5x, https:\/\/i0.wp.com\/relancedesign.com\/wp-content\/uploads\/2025\/09\/IMG_7354.jpg?fit=800%2C1200&ssl=1&resize=700%2C400 2x"},"classes":[]},{"id":4131,"url":"https:\/\/relancedesign.com\/en\/product\/classic-logo-hoodie-vert","url_meta":{"origin":4400,"position":2},"title":"Classic logo hoodie vert &#8211; Relance^","author":"D29_457788","date":"December 5, 2021","format":false,"excerpt":"Indispensable de la garde-robe, notre hoodie classique allie le confort et la qualit\u00e9. Brod\u00e9e \u00e0 l\u2019avant et \u00e0 l\u2019arri\u00e8re Disponible en vert et noir Coupe regular 100% coton Made In France","rel":"","context":"Similar post","block_context":{"text":"Similar post","link":""},"img":{"alt_text":"","src":"https:\/\/i0.wp.com\/relancedesign.com\/wp-content\/uploads\/2021\/12\/Classic-logo-hoodie-1.jpg?fit=600%2C795&ssl=1&resize=350%2C200","width":350,"height":200,"srcset":"https:\/\/i0.wp.com\/relancedesign.com\/wp-content\/uploads\/2021\/12\/Classic-logo-hoodie-1.jpg?fit=600%2C795&ssl=1&resize=350%2C200 1x, https:\/\/i0.wp.com\/relancedesign.com\/wp-content\/uploads\/2021\/12\/Classic-logo-hoodie-1.jpg?fit=600%2C795&ssl=1&resize=525%2C300 1.5x"},"classes":[]},{"id":9998,"url":"https:\/\/relancedesign.com\/en\/product\/jersey-rorschach-camo","url_meta":{"origin":4400,"position":3},"title":"Jersey Rorschach Camo","author":"James","date":"December 12, 2023","format":false,"excerpt":"Polo avec logo signature \u00ab RCE \u00bb Signature \u00ab Rorschach \u00bb Camouflage Coupe oversize et boxy Le mod\u00e8le mesure 1m85 et porte une taille M Prendre une taille en dessous de votre taille habituelle 98% coton 2% \u00e9lasthanne Made in China \u00a0","rel":"","context":"Similar post","block_context":{"text":"Similar post","link":""},"img":{"alt_text":"","src":"https:\/\/i0.wp.com\/relancedesign.com\/wp-content\/uploads\/2023\/12\/N0A1006.jpg?fit=800%2C1200&ssl=1&resize=350%2C200","width":350,"height":200,"srcset":"https:\/\/i0.wp.com\/relancedesign.com\/wp-content\/uploads\/2023\/12\/N0A1006.jpg?fit=800%2C1200&ssl=1&resize=350%2C200 1x, https:\/\/i0.wp.com\/relancedesign.com\/wp-content\/uploads\/2023\/12\/N0A1006.jpg?fit=800%2C1200&ssl=1&resize=525%2C300 1.5x, https:\/\/i0.wp.com\/relancedesign.com\/wp-content\/uploads\/2023\/12\/N0A1006.jpg?fit=800%2C1200&ssl=1&resize=700%2C400 2x"},"classes":[]},{"id":4355,"url":"https:\/\/relancedesign.com\/en\/product\/classic-logo-hoodie-noir","url_meta":{"origin":4400,"position":4},"title":"Classic logo hoodie noir &#8211; Relance^","author":"D29_457788","date":"December 30, 2021","format":false,"excerpt":"Indispensable de la garde-robe, notre hoodie classique allie confort et qualit\u00e9. Brod\u00e9e \u00e0 l\u2019avant et \u00e0 l\u2019arri\u00e8re. Disponible en vert et noir. Coupe regular 100% coton Made In France","rel":"","context":"Similar post","block_context":{"text":"Similar post","link":""},"img":{"alt_text":"","src":"https:\/\/i0.wp.com\/relancedesign.com\/wp-content\/uploads\/2021\/12\/RELANCE_SHOOT_3-6-e1648390268865.jpg?fit=600%2C794&ssl=1&resize=350%2C200","width":350,"height":200,"srcset":"https:\/\/i0.wp.com\/relancedesign.com\/wp-content\/uploads\/2021\/12\/RELANCE_SHOOT_3-6-e1648390268865.jpg?fit=600%2C794&ssl=1&resize=350%2C200 1x, https:\/\/i0.wp.com\/relancedesign.com\/wp-content\/uploads\/2021\/12\/RELANCE_SHOOT_3-6-e1648390268865.jpg?fit=600%2C794&ssl=1&resize=525%2C300 1.5x"},"classes":[]},{"id":10004,"url":"https:\/\/relancedesign.com\/en\/product\/t-shirt-relance-rorschach","url_meta":{"origin":4400,"position":5},"title":"T-shirt Relance^ Rorschach","author":"James","date":"December 12, 2023","format":false,"excerpt":"T-shirt Relance^ Rorschach Logo Relance^ avec imprim\u00e9 Rorschach et logo \u00ab pont \u00bb au dos Coupe droite 100% coton Made in China Le mod\u00e8le mesure 1m85 et porte une taille Large \u00a0","rel":"","context":"Similar post","block_context":{"text":"Similar post","link":""},"img":{"alt_text":"","src":"https:\/\/i0.wp.com\/relancedesign.com\/wp-content\/uploads\/2023\/12\/N0A1035.jpg?fit=800%2C1200&ssl=1&resize=350%2C200","width":350,"height":200,"srcset":"https:\/\/i0.wp.com\/relancedesign.com\/wp-content\/uploads\/2023\/12\/N0A1035.jpg?fit=800%2C1200&ssl=1&resize=350%2C200 1x, https:\/\/i0.wp.com\/relancedesign.com\/wp-content\/uploads\/2023\/12\/N0A1035.jpg?fit=800%2C1200&ssl=1&resize=525%2C300 1.5x, https:\/\/i0.wp.com\/relancedesign.com\/wp-content\/uploads\/2023\/12\/N0A1035.jpg?fit=800%2C1200&ssl=1&resize=700%2C400 2x"},"classes":[]}],"jetpack_sharing_enabled":true,"_links":{"self":[{"href":"https:\/\/relancedesign.com\/en\/wp-json\/wp\/v2\/product\/4400","targetHints":{"allow":["GET"]}}],"collection":[{"href":"https:\/\/relancedesign.com\/en\/wp-json\/wp\/v2\/product"}],"about":[{"href":"https:\/\/relancedesign.com\/en\/wp-json\/wp\/v2\/types\/product"}],"wp:featuredmedia":[{"embeddable":true,"href":"https:\/\/relancedesign.com\/en\/wp-json\/wp\/v2\/media\/4402"}],"wp:attachment":[{"href":"https:\/\/relancedesign.com\/en\/wp-json\/wp\/v2\/media?parent=4400"}],"wp:term":[{"taxonomy":"product_brand","embeddable":true,"href":"https:\/\/relancedesign.com\/en\/wp-json\/wp\/v2\/product_brand?post=4400"},{"taxonomy":"product_cat","embeddable":true,"href":"https:\/\/relancedesign.com\/en\/wp-json\/wp\/v2\/product_cat?post=4400"},{"taxonomy":"product_tag","embeddable":true,"href":"https:\/\/relancedesign.com\/en\/wp-json\/wp\/v2\/product_tag?post=4400"}],"curies":[{"name":"wp","href":"https:\/\/api.w.org\/{rel}","templated":true}]}}