{"id":4701,"date":"2022-03-26T16:03:10","date_gmt":"2022-03-26T16:03:10","guid":{"rendered":"https:\/\/relancedesign.com\/?post_type=product&#038;p=4701"},"modified":"2025-07-07T19:05:17","modified_gmt":"2025-07-07T19:05:17","slug":"sweatshirt-homewear","status":"publish","type":"product","link":"https:\/\/relancedesign.com\/en\/product\/sweatshirt-homewear","title":{"rendered":"Sweat-shirt Homewear &#8211; Relance^"},"content":{"rendered":"<p>Dot\u00e9 d&rsquo;une coupe droite, ce sweat-shirt en coton biologique arbore le logo embl\u00e9matique de la marque sur la poitrine.<br \/>\n100% Cotton<br \/>\nLe mod\u00e8le porte l&rsquo;article en taille L<\/p>","protected":false},"excerpt":{"rendered":"<p>Sweatshirt Homewear, dot\u00e9 d&rsquo;une coupe droite, ce sweat-shirt en coton biologique arbore le logo embl\u00e9matique de la marque sur la poitrine.<\/p>","protected":false},"featured_media":4714,"template":"","meta":[],"product_brand":[],"product_cat":[110,108,15],"product_tag":[],"class_list":{"0":"post-4701","1":"product","2":"type-product","3":"status-publish","4":"has-post-thumbnail","6":"product_cat-ancienne-collection","7":"product_cat-promo","8":"product_cat-uncategorized","10":"first","11":"instock","12":"sale","13":"shipping-taxable","14":"purchasable","15":"product-type-variable"},"jetpack-related-posts":[{"id":4717,"url":"https:\/\/relancedesign.com\/en\/product\/pantalon-de-survetement","url_meta":{"origin":4701,"position":0},"title":"Pantalon de surv\u00eatement &#8211; Relance^","author":"D29_457788","date":"March 26, 2022","format":false,"excerpt":"Dot\u00e9 d'une coupe droite, ce pantalon de surv\u00eatement noir en coton biologique poss\u00e8de un cordon de serrage \u00e0 la taille et arbore le logo embl\u00e9matique de la marque sur la poche. 100% Coton Le mod\u00e8le porte l'article en taille L","rel":"","context":"Similar post","block_context":{"text":"Similar post","link":""},"img":{"alt_text":"","src":"https:\/\/i0.wp.com\/relancedesign.com\/wp-content\/uploads\/2022\/03\/Relance-design-Pantalon-de-surve%CC%82tement-2-e1648390157241.jpg?fit=600%2C794&ssl=1&resize=350%2C200","width":350,"height":200,"srcset":"https:\/\/i0.wp.com\/relancedesign.com\/wp-content\/uploads\/2022\/03\/Relance-design-Pantalon-de-surve%CC%82tement-2-e1648390157241.jpg?fit=600%2C794&ssl=1&resize=350%2C200 1x, https:\/\/i0.wp.com\/relancedesign.com\/wp-content\/uploads\/2022\/03\/Relance-design-Pantalon-de-surve%CC%82tement-2-e1648390157241.jpg?fit=600%2C794&ssl=1&resize=525%2C300 1.5x"},"classes":[]},{"id":10004,"url":"https:\/\/relancedesign.com\/en\/product\/t-shirt-relance-rorschach","url_meta":{"origin":4701,"position":1},"title":"T-shirt Relance^ Rorschach","author":"James","date":"December 12, 2023","format":false,"excerpt":"T-shirt Relance^ Rorschach Logo Relance^ avec imprim\u00e9 Rorschach et logo \u00ab pont \u00bb au dos Coupe droite 100% coton Made in China Le mod\u00e8le mesure 1m85 et porte une taille Large \u00a0","rel":"","context":"Similar post","block_context":{"text":"Similar post","link":""},"img":{"alt_text":"","src":"https:\/\/i0.wp.com\/relancedesign.com\/wp-content\/uploads\/2023\/12\/N0A1035.jpg?fit=800%2C1200&ssl=1&resize=350%2C200","width":350,"height":200,"srcset":"https:\/\/i0.wp.com\/relancedesign.com\/wp-content\/uploads\/2023\/12\/N0A1035.jpg?fit=800%2C1200&ssl=1&resize=350%2C200 1x, https:\/\/i0.wp.com\/relancedesign.com\/wp-content\/uploads\/2023\/12\/N0A1035.jpg?fit=800%2C1200&ssl=1&resize=525%2C300 1.5x, https:\/\/i0.wp.com\/relancedesign.com\/wp-content\/uploads\/2023\/12\/N0A1035.jpg?fit=800%2C1200&ssl=1&resize=700%2C400 2x"},"classes":[]},{"id":4147,"url":"https:\/\/relancedesign.com\/en\/product\/t-shirt-a86-2-0","url_meta":{"origin":4701,"position":2},"title":"T-shirt A86 2.0 &#8211; Relance^","author":"D29_457788","date":"December 5, 2021","format":false,"excerpt":"Version revisit\u00e9e de notre T-shirt A-86. Coupe regular 100% coton Le model porte une taille M Made in France","rel":"","context":"Similar post","block_context":{"text":"Similar post","link":""},"img":{"alt_text":"","src":"https:\/\/i0.wp.com\/relancedesign.com\/wp-content\/uploads\/2021\/12\/T-shirt-A86-2.0-1.jpg?fit=600%2C795&ssl=1&resize=350%2C200","width":350,"height":200,"srcset":"https:\/\/i0.wp.com\/relancedesign.com\/wp-content\/uploads\/2021\/12\/T-shirt-A86-2.0-1.jpg?fit=600%2C795&ssl=1&resize=350%2C200 1x, https:\/\/i0.wp.com\/relancedesign.com\/wp-content\/uploads\/2021\/12\/T-shirt-A86-2.0-1.jpg?fit=600%2C795&ssl=1&resize=525%2C300 1.5x"},"classes":[]},{"id":21303,"url":"https:\/\/relancedesign.com\/en\/product\/jeans-en-denim-selvedge-rce","url_meta":{"origin":4701,"position":3},"title":"Jeans en denim selvedge RCE^","author":"James","date":"September 5, 2025","format":false,"excerpt":"Jeans en denim selvedge Coupe droite Pour effet baggy aller une taille au dessus Logo RCE^ Imprim\u00e9 sur le devant Logo signature brod\u00e9 sur la poche arri\u00e8re Logo signature brod\u00e9 sur la jambe gauche Patch en cuir 100% coton Toile de Jean 13.5 oz Made in China","rel":"","context":"Similar post","block_context":{"text":"Similar post","link":""},"img":{"alt_text":"","src":"https:\/\/i0.wp.com\/relancedesign.com\/wp-content\/uploads\/2025\/09\/IMG_7354.jpg?fit=800%2C1200&ssl=1&resize=350%2C200","width":350,"height":200,"srcset":"https:\/\/i0.wp.com\/relancedesign.com\/wp-content\/uploads\/2025\/09\/IMG_7354.jpg?fit=800%2C1200&ssl=1&resize=350%2C200 1x, https:\/\/i0.wp.com\/relancedesign.com\/wp-content\/uploads\/2025\/09\/IMG_7354.jpg?fit=800%2C1200&ssl=1&resize=525%2C300 1.5x, https:\/\/i0.wp.com\/relancedesign.com\/wp-content\/uploads\/2025\/09\/IMG_7354.jpg?fit=800%2C1200&ssl=1&resize=700%2C400 2x"},"classes":[]},{"id":21334,"url":"https:\/\/relancedesign.com\/en\/product\/jeans-en-denim-selvedge","url_meta":{"origin":4701,"position":4},"title":"Jeans en denim selvedge","author":"James","date":"September 5, 2025","format":false,"excerpt":"Jeans en denim selvedge Coupe droite Pour effet baggy aller une taille au dessus Logo signature brod\u00e9 sur la poche arri\u00e8re Logo signature brod\u00e9 sur la jambe gauche Patch en cuir 100% coton Toile de Jean 13.5 oz Made in China","rel":"","context":"Similar post","block_context":{"text":"Similar post","link":""},"img":{"alt_text":"","src":"https:\/\/i0.wp.com\/relancedesign.com\/wp-content\/uploads\/2025\/09\/IMG_7380.jpeg?fit=841%2C1200&ssl=1&resize=350%2C200","width":350,"height":200,"srcset":"https:\/\/i0.wp.com\/relancedesign.com\/wp-content\/uploads\/2025\/09\/IMG_7380.jpeg?fit=841%2C1200&ssl=1&resize=350%2C200 1x, https:\/\/i0.wp.com\/relancedesign.com\/wp-content\/uploads\/2025\/09\/IMG_7380.jpeg?fit=841%2C1200&ssl=1&resize=525%2C300 1.5x, https:\/\/i0.wp.com\/relancedesign.com\/wp-content\/uploads\/2025\/09\/IMG_7380.jpeg?fit=841%2C1200&ssl=1&resize=700%2C400 2x"},"classes":[]},{"id":4131,"url":"https:\/\/relancedesign.com\/en\/product\/classic-logo-hoodie-vert","url_meta":{"origin":4701,"position":5},"title":"Classic logo hoodie vert &#8211; Relance^","author":"D29_457788","date":"December 5, 2021","format":false,"excerpt":"Indispensable de la garde-robe, notre hoodie classique allie le confort et la qualit\u00e9. Brod\u00e9e \u00e0 l\u2019avant et \u00e0 l\u2019arri\u00e8re Disponible en vert et noir Coupe regular 100% coton Made In France","rel":"","context":"Similar post","block_context":{"text":"Similar post","link":""},"img":{"alt_text":"","src":"https:\/\/i0.wp.com\/relancedesign.com\/wp-content\/uploads\/2021\/12\/Classic-logo-hoodie-1.jpg?fit=600%2C795&ssl=1&resize=350%2C200","width":350,"height":200,"srcset":"https:\/\/i0.wp.com\/relancedesign.com\/wp-content\/uploads\/2021\/12\/Classic-logo-hoodie-1.jpg?fit=600%2C795&ssl=1&resize=350%2C200 1x, https:\/\/i0.wp.com\/relancedesign.com\/wp-content\/uploads\/2021\/12\/Classic-logo-hoodie-1.jpg?fit=600%2C795&ssl=1&resize=525%2C300 1.5x"},"classes":[]}],"jetpack_sharing_enabled":true,"_links":{"self":[{"href":"https:\/\/relancedesign.com\/en\/wp-json\/wp\/v2\/product\/4701","targetHints":{"allow":["GET"]}}],"collection":[{"href":"https:\/\/relancedesign.com\/en\/wp-json\/wp\/v2\/product"}],"about":[{"href":"https:\/\/relancedesign.com\/en\/wp-json\/wp\/v2\/types\/product"}],"wp:featuredmedia":[{"embeddable":true,"href":"https:\/\/relancedesign.com\/en\/wp-json\/wp\/v2\/media\/4714"}],"wp:attachment":[{"href":"https:\/\/relancedesign.com\/en\/wp-json\/wp\/v2\/media?parent=4701"}],"wp:term":[{"taxonomy":"product_brand","embeddable":true,"href":"https:\/\/relancedesign.com\/en\/wp-json\/wp\/v2\/product_brand?post=4701"},{"taxonomy":"product_cat","embeddable":true,"href":"https:\/\/relancedesign.com\/en\/wp-json\/wp\/v2\/product_cat?post=4701"},{"taxonomy":"product_tag","embeddable":true,"href":"https:\/\/relancedesign.com\/en\/wp-json\/wp\/v2\/product_tag?post=4701"}],"curies":[{"name":"wp","href":"https:\/\/api.w.org\/{rel}","templated":true}]}}