{"id":4717,"date":"2022-03-26T16:12:29","date_gmt":"2022-03-26T16:12:29","guid":{"rendered":"https:\/\/relancedesign.com\/?post_type=product&#038;p=4717"},"modified":"2025-07-07T19:05:04","modified_gmt":"2025-07-07T19:05:04","slug":"pantalon-de-survetement","status":"publish","type":"product","link":"https:\/\/relancedesign.com\/en\/product\/pantalon-de-survetement","title":{"rendered":"Pantalon de surv\u00eatement &#8211; Relance^"},"content":{"rendered":"<p>Dot\u00e9 d&rsquo;une coupe droite, ce pantalon de surv\u00eatement noir en coton biologique poss\u00e8de un cordon de serrage \u00e0 la taille et arbore le logo embl\u00e9matique de la marque sur la poche.<\/p>","protected":false},"excerpt":{"rendered":"<p>Dot\u00e9 d&rsquo;une coupe droite, ce pantalon de surv\u00eatement noir en coton biologique poss\u00e8de un cordon de serrage \u00e0 la taille et arbore le logo embl\u00e9matique de la marque sur la poche.<br \/>\n100% Cotton<br \/>\nLe mod\u00e8le porte l&rsquo;article en taille L<\/p>","protected":false},"featured_media":4713,"template":"","meta":[],"product_brand":[],"product_cat":[110,108,15],"product_tag":[],"class_list":{"0":"post-4717","1":"product","2":"type-product","3":"status-publish","4":"has-post-thumbnail","6":"product_cat-ancienne-collection","7":"product_cat-promo","8":"product_cat-uncategorized","10":"first","11":"instock","12":"sale","13":"shipping-taxable","14":"purchasable","15":"product-type-variable"},"jetpack-related-posts":[{"id":4701,"url":"https:\/\/relancedesign.com\/en\/product\/sweatshirt-homewear","url_meta":{"origin":4717,"position":0},"title":"Sweat-shirt Homewear &#8211; Relance^","author":"D29_457788","date":"March 26, 2022","format":false,"excerpt":"Sweatshirt Homewear, dot\u00e9 d'une coupe droite, ce sweat-shirt en coton biologique arbore le logo embl\u00e9matique de la marque sur la poitrine.","rel":"","context":"Similar post","block_context":{"text":"Similar post","link":""},"img":{"alt_text":"","src":"https:\/\/i0.wp.com\/relancedesign.com\/wp-content\/uploads\/2022\/03\/Relance-design-Sweat-Shirt-Homewear-2-e1648390137272.jpg?fit=600%2C794&ssl=1&resize=350%2C200","width":350,"height":200,"srcset":"https:\/\/i0.wp.com\/relancedesign.com\/wp-content\/uploads\/2022\/03\/Relance-design-Sweat-Shirt-Homewear-2-e1648390137272.jpg?fit=600%2C794&ssl=1&resize=350%2C200 1x, https:\/\/i0.wp.com\/relancedesign.com\/wp-content\/uploads\/2022\/03\/Relance-design-Sweat-Shirt-Homewear-2-e1648390137272.jpg?fit=600%2C794&ssl=1&resize=525%2C300 1.5x"},"classes":[]},{"id":9993,"url":"https:\/\/relancedesign.com\/en\/product\/pantalon-jacquard-rorschach-camo","url_meta":{"origin":4717,"position":1},"title":"Pantalon Jacquard Rorschach Camo","author":"James","date":"December 12, 2023","format":false,"excerpt":"Pantalon en jacquard avec zipper invisble sur les cot\u00e9s Camouflage signature \u00ab Rorschach \u00bb Coupe droite 100% Jacquard tress\u00e9s Le mod\u00e8le mesure 1m85 et porte une taille Large \u00a0 \u00a0","rel":"","context":"Similar post","block_context":{"text":"Similar post","link":""},"img":{"alt_text":"","src":"https:\/\/i0.wp.com\/relancedesign.com\/wp-content\/uploads\/2023\/12\/N0A1125.jpg?fit=800%2C1200&ssl=1&resize=350%2C200","width":350,"height":200,"srcset":"https:\/\/i0.wp.com\/relancedesign.com\/wp-content\/uploads\/2023\/12\/N0A1125.jpg?fit=800%2C1200&ssl=1&resize=350%2C200 1x, https:\/\/i0.wp.com\/relancedesign.com\/wp-content\/uploads\/2023\/12\/N0A1125.jpg?fit=800%2C1200&ssl=1&resize=525%2C300 1.5x, https:\/\/i0.wp.com\/relancedesign.com\/wp-content\/uploads\/2023\/12\/N0A1125.jpg?fit=800%2C1200&ssl=1&resize=700%2C400 2x"},"classes":[]},{"id":21303,"url":"https:\/\/relancedesign.com\/en\/product\/jeans-en-denim-selvedge-rce","url_meta":{"origin":4717,"position":2},"title":"Jeans en denim selvedge RCE^","author":"James","date":"September 5, 2025","format":false,"excerpt":"Jeans en denim selvedge Coupe droite Pour effet baggy aller une taille au dessus Logo RCE^ Imprim\u00e9 sur le devant Logo signature brod\u00e9 sur la poche arri\u00e8re Logo signature brod\u00e9 sur la jambe gauche Patch en cuir 100% coton Toile de Jean 13.5 oz Made in China","rel":"","context":"Similar post","block_context":{"text":"Similar post","link":""},"img":{"alt_text":"","src":"https:\/\/i0.wp.com\/relancedesign.com\/wp-content\/uploads\/2025\/09\/IMG_7354.jpg?fit=800%2C1200&ssl=1&resize=350%2C200","width":350,"height":200,"srcset":"https:\/\/i0.wp.com\/relancedesign.com\/wp-content\/uploads\/2025\/09\/IMG_7354.jpg?fit=800%2C1200&ssl=1&resize=350%2C200 1x, https:\/\/i0.wp.com\/relancedesign.com\/wp-content\/uploads\/2025\/09\/IMG_7354.jpg?fit=800%2C1200&ssl=1&resize=525%2C300 1.5x, https:\/\/i0.wp.com\/relancedesign.com\/wp-content\/uploads\/2025\/09\/IMG_7354.jpg?fit=800%2C1200&ssl=1&resize=700%2C400 2x"},"classes":[]},{"id":21334,"url":"https:\/\/relancedesign.com\/en\/product\/jeans-en-denim-selvedge","url_meta":{"origin":4717,"position":3},"title":"Jeans en denim selvedge","author":"James","date":"September 5, 2025","format":false,"excerpt":"Jeans en denim selvedge Coupe droite Pour effet baggy aller une taille au dessus Logo signature brod\u00e9 sur la poche arri\u00e8re Logo signature brod\u00e9 sur la jambe gauche Patch en cuir 100% coton Toile de Jean 13.5 oz Made in China","rel":"","context":"Similar post","block_context":{"text":"Similar post","link":""},"img":{"alt_text":"","src":"https:\/\/i0.wp.com\/relancedesign.com\/wp-content\/uploads\/2025\/09\/IMG_7380.jpeg?fit=841%2C1200&ssl=1&resize=350%2C200","width":350,"height":200,"srcset":"https:\/\/i0.wp.com\/relancedesign.com\/wp-content\/uploads\/2025\/09\/IMG_7380.jpeg?fit=841%2C1200&ssl=1&resize=350%2C200 1x, https:\/\/i0.wp.com\/relancedesign.com\/wp-content\/uploads\/2025\/09\/IMG_7380.jpeg?fit=841%2C1200&ssl=1&resize=525%2C300 1.5x, https:\/\/i0.wp.com\/relancedesign.com\/wp-content\/uploads\/2025\/09\/IMG_7380.jpeg?fit=841%2C1200&ssl=1&resize=700%2C400 2x"},"classes":[]},{"id":10004,"url":"https:\/\/relancedesign.com\/en\/product\/t-shirt-relance-rorschach","url_meta":{"origin":4717,"position":4},"title":"T-shirt Relance^ Rorschach","author":"James","date":"December 12, 2023","format":false,"excerpt":"T-shirt Relance^ Rorschach Logo Relance^ avec imprim\u00e9 Rorschach et logo \u00ab pont \u00bb au dos Coupe droite 100% coton Made in China Le mod\u00e8le mesure 1m85 et porte une taille Large \u00a0","rel":"","context":"Similar post","block_context":{"text":"Similar post","link":""},"img":{"alt_text":"","src":"https:\/\/i0.wp.com\/relancedesign.com\/wp-content\/uploads\/2023\/12\/N0A1035.jpg?fit=800%2C1200&ssl=1&resize=350%2C200","width":350,"height":200,"srcset":"https:\/\/i0.wp.com\/relancedesign.com\/wp-content\/uploads\/2023\/12\/N0A1035.jpg?fit=800%2C1200&ssl=1&resize=350%2C200 1x, https:\/\/i0.wp.com\/relancedesign.com\/wp-content\/uploads\/2023\/12\/N0A1035.jpg?fit=800%2C1200&ssl=1&resize=525%2C300 1.5x, https:\/\/i0.wp.com\/relancedesign.com\/wp-content\/uploads\/2023\/12\/N0A1035.jpg?fit=800%2C1200&ssl=1&resize=700%2C400 2x"},"classes":[]},{"id":549,"url":"https:\/\/relancedesign.com\/en\/product\/tacksuit-pants","url_meta":{"origin":4717,"position":5},"title":"Tacksuit Pants &#8211; Relance^","author":"D29_457788","date":"April 17, 2019","format":false,"excerpt":"Pantalon oversize en french terry avec fente \u00e0 l\u2019arri\u00e8re. Rencontre entre le confort et l'esth\u00e9tisme pour cr\u00e9er une silhouette singuli\u00e8re. Model porte une taille L Made In France","rel":"","context":"With 1 comment","block_context":{"text":"With 1 comment","link":"https:\/\/relancedesign.com\/en\/product\/tacksuit-pants#comments"},"img":{"alt_text":"","src":"https:\/\/i0.wp.com\/relancedesign.com\/wp-content\/uploads\/2019\/04\/Tacksuit-pants.jpg?fit=600%2C795&ssl=1&resize=350%2C200","width":350,"height":200,"srcset":"https:\/\/i0.wp.com\/relancedesign.com\/wp-content\/uploads\/2019\/04\/Tacksuit-pants.jpg?fit=600%2C795&ssl=1&resize=350%2C200 1x, https:\/\/i0.wp.com\/relancedesign.com\/wp-content\/uploads\/2019\/04\/Tacksuit-pants.jpg?fit=600%2C795&ssl=1&resize=525%2C300 1.5x"},"classes":[]}],"jetpack_sharing_enabled":true,"_links":{"self":[{"href":"https:\/\/relancedesign.com\/en\/wp-json\/wp\/v2\/product\/4717","targetHints":{"allow":["GET"]}}],"collection":[{"href":"https:\/\/relancedesign.com\/en\/wp-json\/wp\/v2\/product"}],"about":[{"href":"https:\/\/relancedesign.com\/en\/wp-json\/wp\/v2\/types\/product"}],"wp:featuredmedia":[{"embeddable":true,"href":"https:\/\/relancedesign.com\/en\/wp-json\/wp\/v2\/media\/4713"}],"wp:attachment":[{"href":"https:\/\/relancedesign.com\/en\/wp-json\/wp\/v2\/media?parent=4717"}],"wp:term":[{"taxonomy":"product_brand","embeddable":true,"href":"https:\/\/relancedesign.com\/en\/wp-json\/wp\/v2\/product_brand?post=4717"},{"taxonomy":"product_cat","embeddable":true,"href":"https:\/\/relancedesign.com\/en\/wp-json\/wp\/v2\/product_cat?post=4717"},{"taxonomy":"product_tag","embeddable":true,"href":"https:\/\/relancedesign.com\/en\/wp-json\/wp\/v2\/product_tag?post=4717"}],"curies":[{"name":"wp","href":"https:\/\/api.w.org\/{rel}","templated":true}]}}