{"id":549,"date":"2019-04-17T13:54:16","date_gmt":"2019-04-17T13:54:16","guid":{"rendered":"https:\/\/lacomete.edge-themes.com\/?post_type=product&#038;p=549"},"modified":"2025-07-07T19:06:31","modified_gmt":"2025-07-07T19:06:31","slug":"tacksuit-pants","status":"publish","type":"product","link":"https:\/\/relancedesign.com\/en\/product\/tacksuit-pants","title":{"rendered":"Tacksuit Pants &#8211; Relance^"},"content":{"rendered":"<p>Tacksuit Pants &#8211; Pantalon oversize en french terry avec fente \u00e0 l\u2019arri\u00e8re.<br \/>\nPerfect balance between casual and aestheticism.<br \/>\nModel wears a size medium<br \/>\nMade in France<\/p>\n<p>&nbsp;<\/p>","protected":false},"excerpt":{"rendered":"<p>Oversize french terry pants with back split. Casual meet aestheticism to create a distinctive silhouette<br \/>\nPerfect balance between casual and aestheticism.<br \/>\nModel wears a size medium<br \/>\nMade in France<\/p>","protected":false},"featured_media":4162,"template":"","meta":[],"product_brand":[],"product_cat":[110,100,108],"product_tag":[],"class_list":{"0":"post-549","1":"product","2":"type-product","3":"status-publish","4":"has-post-thumbnail","6":"product_cat-ancienne-collection","7":"product_cat-archive","8":"product_cat-promo","10":"first","11":"instock","12":"sale","13":"shipping-taxable","14":"purchasable","15":"product-type-variable"},"jetpack-related-posts":[{"id":4134,"url":"https:\/\/relancedesign.com\/en\/product\/tracksuit-jacket","url_meta":{"origin":549,"position":0},"title":"Tracksuit jacket &#8211; Relance^","author":"D29_457788","date":"December 5, 2021","format":false,"excerpt":"Veste oversize French Terry avec zip \u00ab A86 \u00bb. La rencontre entre le confort et l'esth\u00e9tisme. Convient \u00e0 toutes les silhouettes Le model porte taille M Made In France","rel":"","context":"Similar post","block_context":{"text":"Similar post","link":""},"img":{"alt_text":"","src":"https:\/\/i0.wp.com\/relancedesign.com\/wp-content\/uploads\/2021\/12\/RELANCE-1.jpg?fit=600%2C795&ssl=1&resize=350%2C200","width":350,"height":200,"srcset":"https:\/\/i0.wp.com\/relancedesign.com\/wp-content\/uploads\/2021\/12\/RELANCE-1.jpg?fit=600%2C795&ssl=1&resize=350%2C200 1x, https:\/\/i0.wp.com\/relancedesign.com\/wp-content\/uploads\/2021\/12\/RELANCE-1.jpg?fit=600%2C795&ssl=1&resize=525%2C300 1.5x"},"classes":[]},{"id":9998,"url":"https:\/\/relancedesign.com\/en\/product\/jersey-rorschach-camo","url_meta":{"origin":549,"position":1},"title":"Jersey Rorschach Camo","author":"James","date":"December 12, 2023","format":false,"excerpt":"Polo avec logo signature \u00ab RCE \u00bb Signature \u00ab Rorschach \u00bb Camouflage Coupe oversize et boxy Le mod\u00e8le mesure 1m85 et porte une taille M Prendre une taille en dessous de votre taille habituelle 98% coton 2% \u00e9lasthanne Made in China \u00a0","rel":"","context":"Similar post","block_context":{"text":"Similar post","link":""},"img":{"alt_text":"","src":"https:\/\/i0.wp.com\/relancedesign.com\/wp-content\/uploads\/2023\/12\/N0A1006.jpg?fit=800%2C1200&ssl=1&resize=350%2C200","width":350,"height":200,"srcset":"https:\/\/i0.wp.com\/relancedesign.com\/wp-content\/uploads\/2023\/12\/N0A1006.jpg?fit=800%2C1200&ssl=1&resize=350%2C200 1x, https:\/\/i0.wp.com\/relancedesign.com\/wp-content\/uploads\/2023\/12\/N0A1006.jpg?fit=800%2C1200&ssl=1&resize=525%2C300 1.5x, https:\/\/i0.wp.com\/relancedesign.com\/wp-content\/uploads\/2023\/12\/N0A1006.jpg?fit=800%2C1200&ssl=1&resize=700%2C400 2x"},"classes":[]},{"id":4131,"url":"https:\/\/relancedesign.com\/en\/product\/classic-logo-hoodie-vert","url_meta":{"origin":549,"position":2},"title":"Classic logo hoodie vert &#8211; Relance^","author":"D29_457788","date":"December 5, 2021","format":false,"excerpt":"Indispensable de la garde-robe, notre hoodie classique allie le confort et la qualit\u00e9. Brod\u00e9e \u00e0 l\u2019avant et \u00e0 l\u2019arri\u00e8re Disponible en vert et noir Coupe regular 100% coton Made In France","rel":"","context":"Similar post","block_context":{"text":"Similar post","link":""},"img":{"alt_text":"","src":"https:\/\/i0.wp.com\/relancedesign.com\/wp-content\/uploads\/2021\/12\/Classic-logo-hoodie-1.jpg?fit=600%2C795&ssl=1&resize=350%2C200","width":350,"height":200,"srcset":"https:\/\/i0.wp.com\/relancedesign.com\/wp-content\/uploads\/2021\/12\/Classic-logo-hoodie-1.jpg?fit=600%2C795&ssl=1&resize=350%2C200 1x, https:\/\/i0.wp.com\/relancedesign.com\/wp-content\/uploads\/2021\/12\/Classic-logo-hoodie-1.jpg?fit=600%2C795&ssl=1&resize=525%2C300 1.5x"},"classes":[]},{"id":21284,"url":"https:\/\/relancedesign.com\/en\/product\/veste-en-denim-selvedge","url_meta":{"origin":549,"position":3},"title":"Veste en denim selvedge","author":"James","date":"September 5, 2025","format":false,"excerpt":"Veste en denim selvedge Coupe Boxy et Oversize Logo signature brod\u00e9 Patch en cuir Boucle de martingale ajustable \u00e0 l'arri\u00e8re 100% Coton Toile de Jean 13,5 oz Made in China","rel":"","context":"Similar post","block_context":{"text":"Similar post","link":""},"img":{"alt_text":"","src":"https:\/\/i0.wp.com\/relancedesign.com\/wp-content\/uploads\/2025\/09\/4F9D05D8-0AB8-4FFC-A919-77C59C91A130.jpeg?fit=800%2C1200&ssl=1&resize=350%2C200","width":350,"height":200,"srcset":"https:\/\/i0.wp.com\/relancedesign.com\/wp-content\/uploads\/2025\/09\/4F9D05D8-0AB8-4FFC-A919-77C59C91A130.jpeg?fit=800%2C1200&ssl=1&resize=350%2C200 1x, https:\/\/i0.wp.com\/relancedesign.com\/wp-content\/uploads\/2025\/09\/4F9D05D8-0AB8-4FFC-A919-77C59C91A130.jpeg?fit=800%2C1200&ssl=1&resize=525%2C300 1.5x, https:\/\/i0.wp.com\/relancedesign.com\/wp-content\/uploads\/2025\/09\/4F9D05D8-0AB8-4FFC-A919-77C59C91A130.jpeg?fit=800%2C1200&ssl=1&resize=700%2C400 2x"},"classes":[]},{"id":4147,"url":"https:\/\/relancedesign.com\/en\/product\/t-shirt-a86-2-0","url_meta":{"origin":549,"position":4},"title":"T-shirt A86 2.0 &#8211; Relance^","author":"D29_457788","date":"December 5, 2021","format":false,"excerpt":"Version revisit\u00e9e de notre T-shirt A-86. Coupe regular 100% coton Le model porte une taille M Made in France","rel":"","context":"Similar post","block_context":{"text":"Similar post","link":""},"img":{"alt_text":"","src":"https:\/\/i0.wp.com\/relancedesign.com\/wp-content\/uploads\/2021\/12\/T-shirt-A86-2.0-1.jpg?fit=600%2C795&ssl=1&resize=350%2C200","width":350,"height":200,"srcset":"https:\/\/i0.wp.com\/relancedesign.com\/wp-content\/uploads\/2021\/12\/T-shirt-A86-2.0-1.jpg?fit=600%2C795&ssl=1&resize=350%2C200 1x, https:\/\/i0.wp.com\/relancedesign.com\/wp-content\/uploads\/2021\/12\/T-shirt-A86-2.0-1.jpg?fit=600%2C795&ssl=1&resize=525%2C300 1.5x"},"classes":[]},{"id":4119,"url":"https:\/\/relancedesign.com\/en\/product\/sleeveless-vest","url_meta":{"origin":549,"position":5},"title":"Sleeveless Vest &#8211; Relance^","author":"D29_457788","date":"January 1, 2022","format":false,"excerpt":"Sleeveless Vest - Tout droit inspir\u00e9 de l\u2019animation japonaise, la veste sans manche avec poche oversize est le must have de cette collection. Coupe regular courte avec zipper signature \u00ab\u00a0A86\u00a0\u00bb. Le mod\u00e8le porte une taille L. Produit import\u00e9","rel":"","context":"Similar post","block_context":{"text":"Similar post","link":""},"img":{"alt_text":"","src":"https:\/\/i0.wp.com\/relancedesign.com\/wp-content\/uploads\/2021\/12\/Sleeveless-Vest-1.jpg?fit=600%2C795&ssl=1&resize=350%2C200","width":350,"height":200,"srcset":"https:\/\/i0.wp.com\/relancedesign.com\/wp-content\/uploads\/2021\/12\/Sleeveless-Vest-1.jpg?fit=600%2C795&ssl=1&resize=350%2C200 1x, https:\/\/i0.wp.com\/relancedesign.com\/wp-content\/uploads\/2021\/12\/Sleeveless-Vest-1.jpg?fit=600%2C795&ssl=1&resize=525%2C300 1.5x"},"classes":[]}],"jetpack_sharing_enabled":true,"_links":{"self":[{"href":"https:\/\/relancedesign.com\/en\/wp-json\/wp\/v2\/product\/549","targetHints":{"allow":["GET"]}}],"collection":[{"href":"https:\/\/relancedesign.com\/en\/wp-json\/wp\/v2\/product"}],"about":[{"href":"https:\/\/relancedesign.com\/en\/wp-json\/wp\/v2\/types\/product"}],"wp:featuredmedia":[{"embeddable":true,"href":"https:\/\/relancedesign.com\/en\/wp-json\/wp\/v2\/media\/4162"}],"wp:attachment":[{"href":"https:\/\/relancedesign.com\/en\/wp-json\/wp\/v2\/media?parent=549"}],"wp:term":[{"taxonomy":"product_brand","embeddable":true,"href":"https:\/\/relancedesign.com\/en\/wp-json\/wp\/v2\/product_brand?post=549"},{"taxonomy":"product_cat","embeddable":true,"href":"https:\/\/relancedesign.com\/en\/wp-json\/wp\/v2\/product_cat?post=549"},{"taxonomy":"product_tag","embeddable":true,"href":"https:\/\/relancedesign.com\/en\/wp-json\/wp\/v2\/product_tag?post=549"}],"curies":[{"name":"wp","href":"https:\/\/api.w.org\/{rel}","templated":true}]}}